{"id":3434,"date":"2022-08-02T06:36:05","date_gmt":"2022-08-02T06:36:05","guid":{"rendered":"https:\/\/www.kopas.com\/?page_id=3434"},"modified":"2022-08-12T12:48:39","modified_gmt":"2022-08-12T12:48:39","slug":"faaliyetlerimiz","status":"publish","type":"page","link":"https:\/\/www.kopas.com\/index.php\/faaliyetlerimiz\/","title":{"rendered":"Faaliyetlerimiz"},"content":{"rendered":"\n<style type=\"text\/css\" data-created_by=\"avia_inline_auto\" id=\"style-css-av-l6bsrxo8-042c525ae64d7b1266358a98f1aec7d0\">\n.avia-image-container.av-l6bsrxo8-042c525ae64d7b1266358a98f1aec7d0 img.avia_image{\nbox-shadow:none;\n}\n.avia-image-container.av-l6bsrxo8-042c525ae64d7b1266358a98f1aec7d0 .av-image-caption-overlay-center{\ncolor:#ffffff;\n}\n<\/style>\n<div  class='avia-image-container av-l6bsrxo8-042c525ae64d7b1266358a98f1aec7d0 av-styling- avia-align-center  avia-builder-el-0  el_before_av_heading  avia-builder-el-first '   itemprop=\"image\" itemscope=\"itemscope\" itemtype=\"https:\/\/schema.org\/ImageObject\" ><div class=\"avia-image-container-inner\"><div class=\"avia-image-overlay-wrap\"><img decoding=\"async\" class='wp-image-3497 avia-img-lazy-loading-not-3497 avia_image ' src=\"https:\/\/www.kopas.com\/wp-content\/uploads\/2022\/08\/laboratory-production-biomaterials-people-research-1.png\" alt='' title=''  height=\"400\" width=\"1440\"  itemprop=\"thumbnailUrl\" srcset=\"https:\/\/www.kopas.com\/wp-content\/uploads\/2022\/08\/laboratory-production-biomaterials-people-research-1.png 1440w, https:\/\/www.kopas.com\/wp-content\/uploads\/2022\/08\/laboratory-production-biomaterials-people-research-1-300x83.png 300w, https:\/\/www.kopas.com\/wp-content\/uploads\/2022\/08\/laboratory-production-biomaterials-people-research-1-1030x286.png 1030w, https:\/\/www.kopas.com\/wp-content\/uploads\/2022\/08\/laboratory-production-biomaterials-people-research-1-768x213.png 768w, https:\/\/www.kopas.com\/wp-content\/uploads\/2022\/08\/laboratory-production-biomaterials-people-research-1-705x196.png 705w\" sizes=\"(max-width: 1440px) 100vw, 1440px\" \/><\/div><\/div><\/div>\n\n<style type=\"text\/css\" data-created_by=\"avia_inline_auto\" id=\"style-css-av-l6bssina-99d67e994b6ca9fb8d6db2f7cd14daf4\">\n#top .av-special-heading.av-l6bssina-99d67e994b6ca9fb8d6db2f7cd14daf4{\npadding-bottom:10px;\n}\nbody .av-special-heading.av-l6bssina-99d67e994b6ca9fb8d6db2f7cd14daf4 .av-special-heading-tag .heading-char{\nfont-size:25px;\n}\n.av-special-heading.av-l6bssina-99d67e994b6ca9fb8d6db2f7cd14daf4 .av-subheading{\nfont-size:15px;\n}\n<\/style>\n<div  class='av-special-heading av-l6bssina-99d67e994b6ca9fb8d6db2f7cd14daf4 av-special-heading-h3  avia-builder-el-1  el_after_av_image  el_before_av_textblock '><h3 class='av-special-heading-tag'  itemprop=\"headline\"  >AR-GE <span class='special_amp'>&amp;<\/span> \u00dcRET\u0130M A\u011eI<\/h3><div class=\"special-heading-border\"><div class=\"special-heading-inner-border\"><\/div><\/div><\/div>\n<section  class='av_textblock_section av-l6bsst68-d2a0fe4119b1a9ebbbbff799dc0ed175'  itemscope=\"itemscope\" itemtype=\"https:\/\/schema.org\/CreativeWork\" ><div class='avia_textblock'  itemprop=\"text\" ><p>Kopa\u015f Kozmetik\u2019in tu\u0308m Ar-Ge ve u\u0308retim su\u0308re\u00e7leri insan ve \u00e7evre sa\u011fl\u0131\u011f\u0131na zarar vermeyecek \u015fekilde uluslararas\u0131 standartlarda y\u00f6netilir. Ar-Ge \u00e7al\u0131\u015fmalar\u0131, de\u011fi\u015fen tu\u0308ketici ihtiya\u00e7lar\u0131 do\u011frultusunda pazar ko\u015fullar\u0131na h\u0131zla cevap veren u\u0308ru\u0308nler yaratmak hedefiyle su\u0308rekli devam eder. Kopa\u015f Kozmetik\u2019in u\u0308ru\u0308nlerinde kullan\u0131lan tu\u0308m i\u00e7erikler Avrupa Kozmetik Regulasyonu 1223\/2009 kriterlerine uygun olarak se\u00e7ilir, du\u0308nyan\u0131n \u00f6nde gelen uluslararas\u0131 tedarik\u00e7ilerinden temin edilir. Tu\u0308m u\u0308ru\u0308n formu\u0308lleri en gu\u0308venli hammadde kombinasyonlar\u0131 ile olu\u015fturulur, dermatolojik testlerle etkinli\u011fi kan\u0131tland\u0131ktan sonra tu\u0308keticilere sunulur. \u00dcru\u0308n kalitesi ve bunun sonucu olarak nesillerdir su\u0308regelen tu\u0308ketici gu\u0308veninin belkemi\u011fi, QAS (Quality Assurance System \u2013 Kalite Y\u00f6netim Sistemi) ile gu\u0308vence alt\u0131na al\u0131n\u0131r. \u015eampuan, ya\u011f, krem, deterjan gibi tu\u0308m likit ve yar\u0131 likit u\u0308ru\u0308n gruplar\u0131n\u0131, a\u011fda, sa\u00e7 boyas\u0131, parfu\u0308m ve deodorant u\u0308ru\u0308nlerinin tamam\u0131n\u0131 24.000 m2 alanda kurulu \u00c7erkezk\u00f6y \u00dcretim Tesisi\u2019nde u\u0308retilir. Tu\u0308rkiye\u2019de sekt\u00f6ru\u0308nde ilk GMP (Good Manufacturing Practice \u2013 \u0130yi \u00dcretim Uygulamas\u0131) sertifikas\u0131 alan u\u0308retim tesisi olan \u00c7erkezk\u00f6y \u00dcretim Tesisi y\u0131lda 40 milyon adetin u\u0308stu\u0308nde u\u0308retim kapasitesine sahiptir.<\/p>\n<\/div><\/section>\n\n<style type=\"text\/css\" data-created_by=\"avia_inline_auto\" id=\"style-css-av-8yeifu-19d571c7937874f414cca887868c763a\">\n#top .av-special-heading.av-8yeifu-19d571c7937874f414cca887868c763a{\npadding-bottom:10px;\n}\nbody .av-special-heading.av-8yeifu-19d571c7937874f414cca887868c763a .av-special-heading-tag .heading-char{\nfont-size:25px;\n}\n.av-special-heading.av-8yeifu-19d571c7937874f414cca887868c763a .av-subheading{\nfont-size:15px;\n}\n<\/style>\n<div  class='av-special-heading av-8yeifu-19d571c7937874f414cca887868c763a av-special-heading-h3  avia-builder-el-3  el_after_av_textblock  el_before_av_three_fifth '><h3 class='av-special-heading-tag'  itemprop=\"headline\"  >YURTDI\u015eI A\u011eI<\/h3><div class=\"special-heading-border\"><div class=\"special-heading-inner-border\"><\/div><\/div><\/div>\n<div class='flex_column av-7mfty2-ee5cb38160d78d38ac97f14b867d45d4 av_three_fifth  avia-builder-el-4  el_after_av_heading  el_before_av_two_fifth  first flex_column_div '     ><section  class='av_textblock_section av-l6bsuisc-be043fbe62991b29218380c7d7246f57'  itemscope=\"itemscope\" itemtype=\"https:\/\/schema.org\/CreativeWork\" ><div class='avia_textblock'  itemprop=\"text\" ><p>1983 y\u0131l\u0131ndan bu yana Kopa\u015f Kozmetik olarak edindi\u011fimiz miras ve bilgi birikimi ile en kaliteli \u00fcr\u00fcnleri, t\u00fcm d\u00fcnyadaki t\u00fcketicilerimizin kullan\u0131m\u0131na sunmak amac\u0131yla \u00e7al\u0131\u015fmalar\u0131m\u0131z\u0131 y\u00fcr\u00fct\u00fcyoruz. Her \u00fclkede s\u00fcrd\u00fcr\u00fclebilir i\u015f modeli olu\u015fturarak geli\u015fimimizi devam ettirmek birincil hedefimiz.<\/p>\n<p>Azerbaycan&#8217;da bulunan yan ofisimiz ile t\u00fcm BDT \u00fcyesi \u00fclkelere da\u011f\u0131t\u0131m operasyonlar\u0131m\u0131z\u0131 y\u00f6netmeye devam ediyoruz.<\/p>\n<p>\u0130HRACAT NOKTALARIMIZ<\/p>\n<p>Avrupa: Romanya, \u0130ngiltere, Almanya, Makedonya, Kosova, Moldova.<\/p>\n<p>Asya: Azerbaycan, G\u00fcrcistan, T\u00fcrkmenistan, \u00d6zbekistan, Kazakistan, Rusya.<\/p>\n<p>Orta Do\u011fu ve Afrika: Irak, \u00dcrd\u00fcn, Suudi Arabistan Krall\u0131\u011f\u0131, Filistin, M\u0131s\u0131r, Fas.<\/p>\n<\/div><\/section><\/div><div class='flex_column av-5dp8lm-ce7de1111862a0f4886f2c4255b5908c av_two_fifth  avia-builder-el-6  el_after_av_three_fifth  avia-builder-el-last  flex_column_div '     ><style type=\"text\/css\" data-created_by=\"avia_inline_auto\" id=\"style-css-av-l6bsuaqo-615d402b1a1f9441f12b4374faf455d5\">\n.avia-image-container.av-l6bsuaqo-615d402b1a1f9441f12b4374faf455d5 img.avia_image{\nbox-shadow:none;\n}\n.avia-image-container.av-l6bsuaqo-615d402b1a1f9441f12b4374faf455d5 .av-image-caption-overlay-center{\ncolor:#ffffff;\n}\n<\/style>\n<div  class='avia-image-container av-l6bsuaqo-615d402b1a1f9441f12b4374faf455d5 av-styling- avia-align-center  avia-builder-el-7  avia-builder-el-no-sibling '   itemprop=\"image\" itemscope=\"itemscope\" itemtype=\"https:\/\/schema.org\/ImageObject\" ><div class=\"avia-image-container-inner\"><div class=\"avia-image-overlay-wrap\"><img decoding=\"async\" class='wp-image-3625 avia-img-lazy-loading-not-3625 avia_image ' src=\"https:\/\/www.kopas.com\/wp-content\/uploads\/2022\/08\/earth-world-map-surrounded-by-cardboard-boxes-cargo-container-ship-flying-plane-car-van-truck-with-gps-location-yellow-background-3d-rendering-isometric-view-1-300x243.png\" alt='' title=''  height=\"243\" width=\"300\"  itemprop=\"thumbnailUrl\" srcset=\"https:\/\/www.kopas.com\/wp-content\/uploads\/2022\/08\/earth-world-map-surrounded-by-cardboard-boxes-cargo-container-ship-flying-plane-car-van-truck-with-gps-location-yellow-background-3d-rendering-isometric-view-1-300x243.png 300w, https:\/\/www.kopas.com\/wp-content\/uploads\/2022\/08\/earth-world-map-surrounded-by-cardboard-boxes-cargo-container-ship-flying-plane-car-van-truck-with-gps-location-yellow-background-3d-rendering-isometric-view-1-768x622.png 768w, https:\/\/www.kopas.com\/wp-content\/uploads\/2022\/08\/earth-world-map-surrounded-by-cardboard-boxes-cargo-container-ship-flying-plane-car-van-truck-with-gps-location-yellow-background-3d-rendering-isometric-view-1-495x400.png 495w, https:\/\/www.kopas.com\/wp-content\/uploads\/2022\/08\/earth-world-map-surrounded-by-cardboard-boxes-cargo-container-ship-flying-plane-car-van-truck-with-gps-location-yellow-background-3d-rendering-isometric-view-1-705x571.png 705w, https:\/\/www.kopas.com\/wp-content\/uploads\/2022\/08\/earth-world-map-surrounded-by-cardboard-boxes-cargo-container-ship-flying-plane-car-van-truck-with-gps-location-yellow-background-3d-rendering-isometric-view-1.png 778w\" sizes=\"(max-width: 300px) 100vw, 300px\" \/><\/div><\/div><\/div><\/div><\/p>\n","protected":false},"excerpt":{"rendered":"","protected":false},"author":1,"featured_media":0,"parent":0,"menu_order":0,"comment_status":"closed","ping_status":"closed","template":"","meta":{"footnotes":""},"class_list":["post-3434","page","type-page","status-publish","hentry"],"_links":{"self":[{"href":"https:\/\/www.kopas.com\/index.php\/wp-json\/wp\/v2\/pages\/3434","targetHints":{"allow":["GET"]}}],"collection":[{"href":"https:\/\/www.kopas.com\/index.php\/wp-json\/wp\/v2\/pages"}],"about":[{"href":"https:\/\/www.kopas.com\/index.php\/wp-json\/wp\/v2\/types\/page"}],"author":[{"embeddable":true,"href":"https:\/\/www.kopas.com\/index.php\/wp-json\/wp\/v2\/users\/1"}],"replies":[{"embeddable":true,"href":"https:\/\/www.kopas.com\/index.php\/wp-json\/wp\/v2\/comments?post=3434"}],"version-history":[{"count":12,"href":"https:\/\/www.kopas.com\/index.php\/wp-json\/wp\/v2\/pages\/3434\/revisions"}],"predecessor-version":[{"id":3666,"href":"https:\/\/www.kopas.com\/index.php\/wp-json\/wp\/v2\/pages\/3434\/revisions\/3666"}],"wp:attachment":[{"href":"https:\/\/www.kopas.com\/index.php\/wp-json\/wp\/v2\/media?parent=3434"}],"curies":[{"name":"wp","href":"https:\/\/api.w.org\/{rel}","templated":true}]}}