{"id":3454,"date":"2022-08-02T08:09:52","date_gmt":"2022-08-02T08:09:52","guid":{"rendered":"https:\/\/www.kopas.com\/?page_id=3454"},"modified":"2022-08-03T13:30:26","modified_gmt":"2022-08-03T13:30:26","slug":"bebedor","status":"publish","type":"page","link":"https:\/\/www.kopas.com\/index.php\/bebedor\/","title":{"rendered":"Bebedor"},"content":{"rendered":"<div  class='avia-slideshow av-l6bw3xp8-010cd4e203831aa702fd559f8ef274f3 avia-slideshow-featured av_slideshow avia-slide-slider  avia-builder-el-0  el_before_av_textblock  avia-builder-el-first  av-slideshow-ui av-control-default av-slideshow-manual av-loop-once av-loop-manual-endless av-default-height-applied avia-slideshow-1' data-slideshow-options=\"{&quot;animation&quot;:&quot;slide&quot;,&quot;autoplay&quot;:false,&quot;loop_autoplay&quot;:&quot;once&quot;,&quot;interval&quot;:5,&quot;loop_manual&quot;:&quot;manual-endless&quot;,&quot;autoplay_stopper&quot;:false,&quot;noNavigation&quot;:false,&quot;bg_slider&quot;:false,&quot;keep_padding&quot;:false,&quot;hoverpause&quot;:false,&quot;show_slide_delay&quot;:0}\"  itemprop=\"image\" itemscope=\"itemscope\" itemtype=\"https:\/\/schema.org\/ImageObject\" ><ul class='avia-slideshow-inner ' style='padding-bottom: 28.666666666667%;'><li  class='avia-slideshow-slide av-l6bw3xp8-010cd4e203831aa702fd559f8ef274f3__0  av-single-slide slide-1 slide-odd'><div data-rel='slideshow-1' class='avia-slide-wrap '   ><img decoding=\"async\" class=\"wp-image-3421 avia-img-lazy-loading-not-3421\"  src=\"https:\/\/www.kopas.com\/wp-content\/uploads\/2022\/08\/Rectangle-23-1500x430.png\" width=\"1500\" height=\"430\" title='Rectangle 23' alt=''  itemprop=\"thumbnailUrl\"   \/><\/div><\/li><\/ul><\/div>\n<section  class='av_textblock_section av-l6bw7ou8-60ace942d76a519c0289fd77702225af'  itemscope=\"itemscope\" itemtype=\"https:\/\/schema.org\/CreativeWork\" ><div class='avia_textblock'  itemprop=\"text\" ><p style=\"text-align: center;\">1992 y\u0131l\u0131nda ba\u015flayan Bebedor\u2019un b\u00fcy\u00fcl\u00fc yolculu\u011fu, 2019\u2019dan itibaren Kopa\u015f Kozmetik b\u00fcnyesinde devam ediyor. 1974 y\u0131l\u0131nda Eczac\u0131 Adil Karaa\u011fa\u00e7 taraf\u0131ndan kurulan ve Dalin gibi uzman bebek markas\u0131n\u0131 da b\u00fcnyesinde bulunduran Kopa\u015f Kozmetik, anne ve bebekleri kaliteli \u00fcr\u00fcnlerle bulu\u015fturuyor; ebeveynlere konforlu bir ya\u015fam tarz\u0131 sunmay\u0131 kendine misyon olarak ediniyor.<\/p>\n<p style=\"text-align: center;\">T\u00fcrkiye\u2019nin en sevilen anne ve bebek bak\u0131m \u00fcr\u00fcnleri markas\u0131 Bebedor g\u00fcvenilir, rakipsiz ve yepyeni \u00fcr\u00fcnlerini anne ve bebekler ile bulu\u015fturuyor. Ebeveynlere destek olmay\u0131 \u00f6nceli\u011fi haline getiren Bebedor, farkl\u0131 ihtiya\u00e7lara kar\u015f\u0131l\u0131k veren \u00fcr\u00fcn ailesi ile \u015fimdi tam 30. ya\u015f\u0131n\u0131 kutlaman\u0131n mutlulu\u011fu i\u00e7inde!<\/p>\n<p style=\"text-align: center;\">Dayan\u0131kl\u0131 \u00fcr\u00fcnler sunmak konusunda bir ebeveyn kadar hassas ve detayc\u0131 davranan Bebedor, Avrupa Standartlar\u0131\u2019na uygun, hayat\u0131n\u0131z\u0131 kolayla\u015ft\u0131rmak i\u00e7in tasarlanm\u0131\u015f, y\u00fcksek kaliteli \u00fcr\u00fcnler \u00fcretmek konusunda tutarl\u0131 \u00e7al\u0131\u015fmalar y\u00fcr\u00fctmeyi \u00e7ok \u00f6nemsiyor.<\/p>\n<p style=\"text-align: center;\">Her anne ve bebek, nerede ya\u015fad\u0131klar\u0131ndan ve ne kadar para kazand\u0131klar\u0131ndan ba\u011f\u0131ms\u0131z bir \u015fekilde kaliteli \u00fcr\u00fcn kullanmay\u0131 hak eder. Bebedor ise g\u00fcvenilir ve kaliteli \u00fcr\u00fcnleri anne babalara uygun fiyatlar ile sunarak her bebe\u011fin hayat\u0131na dokunmak istiyor.<\/p>\n<p style=\"text-align: center;\">Bebeklerin d\u00fcnyaya g\u00f6zlerini a\u00e7t\u0131klar\u0131 ilk g\u00fcnden itibaren aileleri taraf\u0131ndan g\u00f6zlemlenmesi, seslerinin daima duyulmas\u0131 ve anla\u015f\u0131ld\u0131klar\u0131n\u0131 hissetmeleri Bebedor i\u00e7in \u00e7ok b\u00fcy\u00fck \u00f6nem ta\u015f\u0131yor. Bu nedenle bebe\u011fin biyolojik ve duygusal s\u00fcre\u00e7lerine m\u00fcdahale etmeyen, ona kendi hikayesini yazmas\u0131 konusunda f\u0131rsat tan\u0131yan \u201cdo\u011fal ebeveynlik\u201d d\u00fc\u015f\u00fcncesi, Bebedor\u2019un yoluna \u0131\u015f\u0131k oluyor. Anne babalar\u0131 bu yolda ayd\u0131nlatmak ve ebeveynlik bilincini desteklemek ad\u0131na Bebedor\u2019un uzman ekibi i\u015f ba\u015f\u0131nda!<\/p>\n<p style=\"text-align: center;\">Kolay ula\u015f\u0131labilirli\u011fi esas alarak anne-bebek yolculu\u011funa e\u015flik eden ve \u201cAnnelik Do\u011fan\u0131zda, Bebedor Yan\u0131n\u0131zda\u201d slogan\u0131yla yepyeni bir d\u00f6nemin kap\u0131s\u0131n\u0131 aralayan Bebedor, \u00fcr\u00fcn gam\u0131na ekledi\u011fi Premium \u00dcr\u00fcnler Serisi ile bebeklerin kendilerini g\u00fcvende, rahat ve mutlu hissetmelerini sa\u011fl\u0131yor.<\/p>\n<\/div><\/section>\n<div class='flex_column av-5rxhz2-c084448c5850c306d6866492d624861d av_one_fourth  avia-builder-el-2  el_after_av_textblock  el_before_av_one_fourth  first flex_column_div column-top-margin'     ><div  class='avia-button-wrap av-l6bw53dh-34a776240eee000846d1d2d505aebce5-wrap avia-button-center  avia-builder-el-3  avia-builder-el-no-sibling ' ><a href='https:\/\/instagram.com\/bebedorturkey'  class='avia-button av-l6bw53dh-34a776240eee000846d1d2d505aebce5 avia-icon_select-yes-left-icon avia-size-small avia-position-center avia-color-purple' ><span class='avia_button_icon avia_button_icon_left' aria-hidden='true' data-av_icon='\ue909' data-av_iconfont='entypo-fontello'><\/span><span class='avia_iconbox_title' >Instagram<\/span><\/a><\/div><\/div>\n<div class='flex_column av-47dyni-4c70777434a70f591409c327f432369e av_one_fourth  avia-builder-el-4  el_after_av_one_fourth  el_before_av_one_fourth  flex_column_div column-top-margin'     ><div  class='avia-button-wrap av-l6bwabu9-4e2a8ed46150628ee84b784cb2fb4f57-wrap avia-button-center  avia-builder-el-5  avia-builder-el-no-sibling ' ><a href='https:\/\/www.facebook.com\/bebedorturkey'  class='avia-button av-l6bwabu9-4e2a8ed46150628ee84b784cb2fb4f57 avia-icon_select-yes-left-icon avia-size-small avia-position-center avia-color-blue' ><span class='avia_button_icon avia_button_icon_left' aria-hidden='true' data-av_icon='\ue8f5' data-av_iconfont='entypo-fontello'><\/span><span class='avia_iconbox_title' >Facebook<\/span><\/a><\/div><\/div>\n<div class='flex_column av-2xy5ri-c128f45404a17782d1b49a8a8dad17ac av_one_fourth  avia-builder-el-6  el_after_av_one_fourth  el_before_av_one_fourth  flex_column_div column-top-margin'     ><div  class='avia-button-wrap av-l6bwbrf3-58de126f1bbf8e4d3d1f8ec930b13517-wrap avia-button-center  avia-builder-el-7  avia-builder-el-no-sibling ' ><a href='https:\/\/www.youtube.com\/c\/BebedorTurkiye'  class='avia-button av-l6bwbrf3-58de126f1bbf8e4d3d1f8ec930b13517 avia-icon_select-yes-left-icon avia-size-small avia-position-center avia-color-red' ><span class='avia_button_icon avia_button_icon_left' aria-hidden='true' data-av_icon='\ue921' data-av_iconfont='entypo-fontello'><\/span><span class='avia_iconbox_title' >Youtube<\/span><\/a><\/div><\/div>\n<div class='flex_column av-30q95q-27cb2596399e5d9123bcf44dca7882fa av_one_fourth  avia-builder-el-8  el_after_av_one_fourth  avia-builder-el-last  flex_column_div column-top-margin'     ><div  class='avia-button-wrap av-l6c7mbr3-6346c119a8fbae82e0ff051ff7a3824b-wrap avia-button-center  avia-builder-el-9  avia-builder-el-no-sibling ' ><a href='http:\/\/bebedor.com\/'  class='avia-button av-l6c7mbr3-6346c119a8fbae82e0ff051ff7a3824b avia-icon_select-yes-left-icon avia-size-small avia-position-center avia-color-aqua' ><span class='avia_button_icon avia_button_icon_left' aria-hidden='true' data-av_icon='\ue921' data-av_iconfont='entypo-fontello'><\/span><span class='avia_iconbox_title' >Web Site<\/span><\/a><\/div><\/div>\n","protected":false},"excerpt":{"rendered":"","protected":false},"author":1,"featured_media":0,"parent":0,"menu_order":0,"comment_status":"closed","ping_status":"closed","template":"","meta":{"footnotes":""},"class_list":["post-3454","page","type-page","status-publish","hentry"],"_links":{"self":[{"href":"https:\/\/www.kopas.com\/index.php\/wp-json\/wp\/v2\/pages\/3454","targetHints":{"allow":["GET"]}}],"collection":[{"href":"https:\/\/www.kopas.com\/index.php\/wp-json\/wp\/v2\/pages"}],"about":[{"href":"https:\/\/www.kopas.com\/index.php\/wp-json\/wp\/v2\/types\/page"}],"author":[{"embeddable":true,"href":"https:\/\/www.kopas.com\/index.php\/wp-json\/wp\/v2\/users\/1"}],"replies":[{"embeddable":true,"href":"https:\/\/www.kopas.com\/index.php\/wp-json\/wp\/v2\/comments?post=3454"}],"version-history":[{"count":7,"href":"https:\/\/www.kopas.com\/index.php\/wp-json\/wp\/v2\/pages\/3454\/revisions"}],"predecessor-version":[{"id":3593,"href":"https:\/\/www.kopas.com\/index.php\/wp-json\/wp\/v2\/pages\/3454\/revisions\/3593"}],"wp:attachment":[{"href":"https:\/\/www.kopas.com\/index.php\/wp-json\/wp\/v2\/media?parent=3454"}],"curies":[{"name":"wp","href":"https:\/\/api.w.org\/{rel}","templated":true}]}}