{"id":3463,"date":"2022-08-02T08:10:17","date_gmt":"2022-08-02T08:10:17","guid":{"rendered":"https:\/\/www.kopas.com\/index.php\/bebedor-copy-copy-copy\/"},"modified":"2023-08-22T05:06:37","modified_gmt":"2023-08-22T05:06:37","slug":"xo","status":"publish","type":"page","link":"https:\/\/www.kopas.com\/index.php\/xo\/","title":{"rendered":"XO"},"content":{"rendered":"<div  class='avia-slideshow av-l6bw3xp8-010cd4e203831aa702fd559f8ef274f3 avia-slideshow-featured av_slideshow avia-slide-slider  avia-builder-el-0  el_before_av_textblock  avia-builder-el-first  av-slideshow-ui av-control-default av-slideshow-manual av-loop-once av-loop-manual-endless av-default-height-applied avia-slideshow-1' data-slideshow-options=\"{&quot;animation&quot;:&quot;slide&quot;,&quot;autoplay&quot;:false,&quot;loop_autoplay&quot;:&quot;once&quot;,&quot;interval&quot;:5,&quot;loop_manual&quot;:&quot;manual-endless&quot;,&quot;autoplay_stopper&quot;:false,&quot;noNavigation&quot;:false,&quot;bg_slider&quot;:false,&quot;keep_padding&quot;:false,&quot;hoverpause&quot;:false,&quot;show_slide_delay&quot;:0}\"  itemprop=\"image\" itemscope=\"itemscope\" itemtype=\"https:\/\/schema.org\/ImageObject\" ><ul class='avia-slideshow-inner ' style='padding-bottom: 28.666666666667%;'><li  class='avia-slideshow-slide av-l6bw3xp8-010cd4e203831aa702fd559f8ef274f3__0  av-single-slide slide-1 slide-odd'><div data-rel='slideshow-1' class='avia-slide-wrap '   ><img decoding=\"async\" class=\"wp-image-3790 avia-img-lazy-loading-not-3790\"  src=\"https:\/\/www.kopas.com\/wp-content\/uploads\/2023\/08\/Banner-1500x430.jpg\" width=\"1500\" height=\"430\" title='Banner' alt=''  itemprop=\"thumbnailUrl\"   \/><\/div><\/li><\/ul><\/div>\n<section  class='av_textblock_section av-l6bw7ou8-60ace942d76a519c0289fd77702225af'  itemscope=\"itemscope\" itemtype=\"https:\/\/schema.org\/CreativeWork\" ><div class='avia_textblock'  itemprop=\"text\" ><p style=\"text-align: center;\">XO, ki\u015fisel bak\u0131m kategorisinde farkl\u0131l\u0131k yaratmak amac\u0131yla kurulan bir marka olarak t\u00fcketicilere parf\u00fcm ve deodorant \u00fcr\u00fcnleri sunmaktad\u0131r. Markan\u0131n ad\u0131, \u201cS\u0131ra d\u0131\u015f\u0131\u201d anlam\u0131na gelen \u201cExtra Ordinary\u201d kelimelerinden gelmektedir. XO markas\u0131, portf\u00f6y\u00fcnde bulundurdu\u011fu 30\u2019dan fazla s\u0131ra d\u0131\u015f\u0131 \u00fcr\u00fcn ile isminin anlam\u0131n\u0131n hakk\u0131n\u0131 vermektedir.<\/p>\n<p style=\"text-align: center;\">Piyasan\u0131n \u00f6nde gelen kozmetik liderlerinden biri olan Kopa\u015f Kozmetik Pazarlama ve Sanayi A.\u015e., b\u00fcnyesine 2008 y\u0131l\u0131nda kat\u0131lan XO, kad\u0131n ve erkek kategorisinde olduk\u00e7a geni\u015f bir \u00fcr\u00fcn yelpazesi sunuyor. D\u00fcnya trendlerini takip eden ve g\u00fcnceli yakalamay\u0131 mottosu haline getiren XO; Deodorant, parf\u00fcm ve v\u00fccut spreyi kategorisine bir yenisini ekliyor ve 2022 y\u0131l\u0131nda raflarda simli v\u00fccut spreyi kategorisi ile yerini alarak ortaya \u00e7\u0131kard\u0131\u011f\u0131 bu \u00fcr\u00fcn \u00e7e\u015fitlili\u011fi ile t\u00fcketicilerin farkl\u0131 koku aray\u0131\u015flar\u0131na kar\u015f\u0131l\u0131k vermeyi \u00f6nceli\u011fi haline getiriyor.<\/p>\n<\/div><\/section>\n<div class='flex_column av-5rxhz2-c084448c5850c306d6866492d624861d av_one_fourth  avia-builder-el-2  el_after_av_textblock  el_before_av_one_fourth  first flex_column_div column-top-margin'     ><div  class='avia-button-wrap av-l6bw53dh-b9dc13300d32957b9fd4104402f68268-wrap avia-button-center  avia-builder-el-3  avia-builder-el-no-sibling ' ><a href='https:\/\/www.instagram.com\/xoturkiye\/'  class='avia-button av-l6bw53dh-b9dc13300d32957b9fd4104402f68268 avia-icon_select-yes-left-icon avia-size-small avia-position-center avia-color-purple' ><span class='avia_button_icon avia_button_icon_left' aria-hidden='true' data-av_icon='\ue909' data-av_iconfont='entypo-fontello'><\/span><span class='avia_iconbox_title' >Instagram<\/span><\/a><\/div><\/div>\n<div class='flex_column av-47dyni-4c70777434a70f591409c327f432369e av_one_fourth  avia-builder-el-4  el_after_av_one_fourth  el_before_av_one_fourth  flex_column_div column-top-margin'     ><div  class='avia-button-wrap av-l6bwabu9-c6ead8a60942850a74f83dab4208b77b-wrap avia-button-center  avia-builder-el-5  avia-builder-el-no-sibling ' ><a href='https:\/\/www.facebook.com\/XOturkiye\/'  class='avia-button av-l6bwabu9-c6ead8a60942850a74f83dab4208b77b avia-icon_select-yes-left-icon avia-size-small avia-position-center avia-color-blue' ><span class='avia_button_icon avia_button_icon_left' aria-hidden='true' data-av_icon='\ue8f5' data-av_iconfont='entypo-fontello'><\/span><span class='avia_iconbox_title' >Facebook<\/span><\/a><\/div><\/div>\n<div class='flex_column av-2xy5ri-c128f45404a17782d1b49a8a8dad17ac av_one_fourth  avia-builder-el-6  el_after_av_one_fourth  el_before_av_one_fourth  flex_column_div column-top-margin'     ><div  class='avia-button-wrap av-l6bwbrf3-5059e50ed660d24825e9df794979ceee-wrap avia-button-center  avia-builder-el-7  avia-builder-el-no-sibling ' ><a href='https:\/\/www.youtube.com\/channel\/UCSJ_ZaLVmvMVMlgehz6vL1Q'  class='avia-button av-l6bwbrf3-5059e50ed660d24825e9df794979ceee avia-icon_select-yes-left-icon avia-size-small avia-position-center avia-color-red' ><span class='avia_button_icon avia_button_icon_left' aria-hidden='true' data-av_icon='\ue921' data-av_iconfont='entypo-fontello'><\/span><span class='avia_iconbox_title' >Youtube<\/span><\/a><\/div><\/div>\n<div class='flex_column av-271kxz-8927f862adb96df930dbaf7d14e254d6 av_one_fourth  avia-builder-el-8  el_after_av_one_fourth  avia-builder-el-last  flex_column_div column-top-margin'     ><div  class='avia-button-wrap av-l6c7k0l1-06768e19c1a2e48abe37160338fce3ad-wrap avia-button-center  avia-builder-el-9  avia-builder-el-no-sibling ' ><a href='http:\/\/xo.com.tr\/tr\/'  class='avia-button av-l6c7k0l1-06768e19c1a2e48abe37160338fce3ad avia-icon_select-yes-left-icon avia-size-small avia-position-center avia-color-aqua' ><span class='avia_button_icon avia_button_icon_left' aria-hidden='true' data-av_icon='\ue8b1' data-av_iconfont='entypo-fontello'><\/span><span class='avia_iconbox_title' >Web Site<\/span><\/a><\/div><\/div>\n","protected":false},"excerpt":{"rendered":"","protected":false},"author":1,"featured_media":0,"parent":0,"menu_order":0,"comment_status":"closed","ping_status":"closed","template":"","meta":{"footnotes":""},"class_list":["post-3463","page","type-page","status-publish","hentry"],"_links":{"self":[{"href":"https:\/\/www.kopas.com\/index.php\/wp-json\/wp\/v2\/pages\/3463","targetHints":{"allow":["GET"]}}],"collection":[{"href":"https:\/\/www.kopas.com\/index.php\/wp-json\/wp\/v2\/pages"}],"about":[{"href":"https:\/\/www.kopas.com\/index.php\/wp-json\/wp\/v2\/types\/page"}],"author":[{"embeddable":true,"href":"https:\/\/www.kopas.com\/index.php\/wp-json\/wp\/v2\/users\/1"}],"replies":[{"embeddable":true,"href":"https:\/\/www.kopas.com\/index.php\/wp-json\/wp\/v2\/comments?post=3463"}],"version-history":[{"count":5,"href":"https:\/\/www.kopas.com\/index.php\/wp-json\/wp\/v2\/pages\/3463\/revisions"}],"predecessor-version":[{"id":3798,"href":"https:\/\/www.kopas.com\/index.php\/wp-json\/wp\/v2\/pages\/3463\/revisions\/3798"}],"wp:attachment":[{"href":"https:\/\/www.kopas.com\/index.php\/wp-json\/wp\/v2\/media?parent=3463"}],"curies":[{"name":"wp","href":"https:\/\/api.w.org\/{rel}","templated":true}]}}