{"id":3508,"date":"2022-08-02T13:15:16","date_gmt":"2022-08-02T13:15:16","guid":{"rendered":"https:\/\/www.kopas.com\/?page_id=3508"},"modified":"2022-08-04T06:15:52","modified_gmt":"2022-08-04T06:15:52","slug":"kariyer","status":"publish","type":"page","link":"https:\/\/www.kopas.com\/index.php\/kariyer\/","title":{"rendered":"Kariyer"},"content":{"rendered":"\n<style type=\"text\/css\" data-created_by=\"avia_inline_auto\" id=\"style-css-av-l6d70j00-30189ebae3e8ac89273ec96c8b9ed8db\">\n.avia-image-container.av-l6d70j00-30189ebae3e8ac89273ec96c8b9ed8db img.avia_image{\nbox-shadow:none;\n}\n.avia-image-container.av-l6d70j00-30189ebae3e8ac89273ec96c8b9ed8db .av-image-caption-overlay-center{\ncolor:#ffffff;\n}\n<\/style>\n<div  class='avia-image-container av-l6d70j00-30189ebae3e8ac89273ec96c8b9ed8db av-styling- avia-align-center  avia-builder-el-0  el_before_av_heading  avia-builder-el-first '   itemprop=\"image\" itemscope=\"itemscope\" itemtype=\"https:\/\/schema.org\/ImageObject\" ><div class=\"avia-image-container-inner\"><div class=\"avia-image-overlay-wrap\"><img decoding=\"async\" class='wp-image-3533 avia-img-lazy-loading-not-3533 avia_image ' src=\"https:\/\/www.kopas.com\/wp-content\/uploads\/2022\/08\/kariyer-.png\" alt='' title='kariyer-'  height=\"400\" width=\"1440\"  itemprop=\"thumbnailUrl\" srcset=\"https:\/\/www.kopas.com\/wp-content\/uploads\/2022\/08\/kariyer-.png 1440w, https:\/\/www.kopas.com\/wp-content\/uploads\/2022\/08\/kariyer--300x83.png 300w, https:\/\/www.kopas.com\/wp-content\/uploads\/2022\/08\/kariyer--1030x286.png 1030w, https:\/\/www.kopas.com\/wp-content\/uploads\/2022\/08\/kariyer--768x213.png 768w, https:\/\/www.kopas.com\/wp-content\/uploads\/2022\/08\/kariyer--705x196.png 705w\" sizes=\"(max-width: 1440px) 100vw, 1440px\" \/><\/div><\/div><\/div>\n\n<style type=\"text\/css\" data-created_by=\"avia_inline_auto\" id=\"style-css-av-l6c6wmv7-ecef42aa51342e6af454d40f6f2428fd\">\n#top .av-special-heading.av-l6c6wmv7-ecef42aa51342e6af454d40f6f2428fd{\npadding-bottom:10px;\n}\nbody .av-special-heading.av-l6c6wmv7-ecef42aa51342e6af454d40f6f2428fd .av-special-heading-tag .heading-char{\nfont-size:25px;\n}\n.av-special-heading.av-l6c6wmv7-ecef42aa51342e6af454d40f6f2428fd .av-subheading{\nfont-size:15px;\n}\n<\/style>\n<div  class='av-special-heading av-l6c6wmv7-ecef42aa51342e6af454d40f6f2428fd av-special-heading-h2 blockquote modern-quote modern-centered  avia-builder-el-1  el_after_av_image  el_before_av_hr '><h2 class='av-special-heading-tag'  itemprop=\"headline\"  >Kariyer<\/h2><div class=\"special-heading-border\"><div class=\"special-heading-inner-border\"><\/div><\/div><\/div>\n<div  class='hr av-82q944-cb346448ce524756725bad0f6fb284ae hr-default  avia-builder-el-2  el_after_av_heading  el_before_av_textblock '><span class='hr-inner '><span class=\"hr-inner-style\"><\/span><\/span><\/div>\n<section  class='av_textblock_section av-l6c6x3ve-1dfee74c37fd30763471b17bbf58f65d'  itemscope=\"itemscope\" itemtype=\"https:\/\/schema.org\/CreativeWork\" ><div class='avia_textblock'  itemprop=\"text\" ><h4><strong>\u0130nsan Kaynaklar\u0131 Politikam\u0131z<\/strong><\/h4>\n<p>\u0130nsan Kaynaklar\u0131 politikam\u0131z\u0131n temeli; \u00e7al\u0131\u015fanlara hak etti\u011fi de\u011ferin verildi\u011fi, s\u00f6z hakk\u0131n\u0131n tan\u0131nd\u0131\u011f\u0131, \u00e7al\u0131\u015fanlar\u0131n performans\u0131n\u0131 art\u0131racak \u00f6\u011frenme ve geli\u015fim olanaklar\u0131 i\u00e7in f\u0131rsat e\u015fitli\u011finin sunuldu\u011fu bir ortam yaratarak \u00e7al\u0131\u015fma bar\u0131\u015f\u0131n\u0131n sa\u011fland\u0131\u011f\u0131, insana, \u00e7evreye, topluma, kaliteye duyarl\u0131,\u00a0\u015firketi gelece\u011fe ta\u015f\u0131yacak, yasalara ba\u011fl\u0131 bir \u00e7al\u0131\u015fan toplulu\u011fu olu\u015fturmakt\u0131r.<\/p>\n<p>Kar\u015f\u0131l\u0131kl\u0131 g\u00fcven ve sayg\u0131n\u0131n hakim oldu\u011fu, farkl\u0131l\u0131\u011f\u0131n zenginli\u011fe d\u00f6n\u00fc\u015ft\u00fc\u011f\u00fc bir ortam yaratarak, t\u00fcm s\u00fcre\u00e7lerimizde ya\u015f, cinsiyet, din, dil, \u0131rk, etnik k\u00f6ken, cinsel y\u00f6nelim, medeni durum, engellilik hali, hamilelik ve benzer konularda ayr\u0131mc\u0131l\u0131k yapmadan e\u015fit ve adil davran\u0131r\u0131z.<\/p>\n<h4><strong>\u0130nsan Kaynaklar\u0131 \u0130lkelerimiz\u00a0<\/strong><\/h4>\n<ul>\n<li>\u200bDo\u011fru i\u015fe do\u011fru insan\u0131 se\u00e7mek ve yerle\u015ftirmek.<\/li>\n<li>\u00dccret ve yan haklarda adil olmak.<\/li>\n<li>Zaman\u0131nda tan\u0131mak ve takdir etmek.<\/li>\n<li>Zaman\u0131nda ve do\u011fru ileti\u015fim kurmak.<\/li>\n<li>\u00c7al\u0131\u015fma bar\u0131\u015f\u0131n\u0131n s\u00fcreklili\u011fini sa\u011flayarak i\u015fbirli\u011fi i\u00e7inde \u00e7al\u0131\u015fmak.<\/li>\n<li>Motivasyon ve ba\u011fl\u0131l\u0131k yaratarak verimlili\u011fi artt\u0131rmak.<\/li>\n<li>Ba\u015far\u0131y\u0131 \u00f6d\u00fcllendirmek, proje \u00e7al\u0131\u015fmalar\u0131n\u0131 te\u015fvik etmek ve \u00f6d\u00fcllendirmek, yeni fikirleri desteklemek ve cesaretlendirmek.<\/li>\n<\/ul>\n<h4><strong>E\u011fitim Politikam\u0131z<\/strong><\/h4>\n<p>KOPA\u015e, \u00e7al\u0131\u015fanlar\u0131n\u0131n gerek mesleki bilgi ve becerilerinin, gerekse ki\u015fisel yeteneklerinin geli\u015ftirilmesine y\u00f6nelik e\u011fitimlere b\u00fcy\u00fck \u00f6nem vermektedir. \u00c7al\u0131\u015fanlar\u0131na t\u00fcm potansiyellerini sergileyebilecekleri yarat\u0131c\u0131 ve geli\u015ftirici k\u00fclt\u00fcr\u00fc destekleyen bir \u00e7al\u0131\u015fma ortam\u0131 sunmay\u0131 ilke edinmi\u015ftir.<\/p>\n<\/div><\/section>\n\n<style type=\"text\/css\" data-created_by=\"avia_inline_auto\" id=\"style-css-av-l6en1tk7-9f7747313262c87225e48a0d49c37a23\">\n#top .av-special-heading.av-l6en1tk7-9f7747313262c87225e48a0d49c37a23{\npadding-bottom:10px;\n}\nbody .av-special-heading.av-l6en1tk7-9f7747313262c87225e48a0d49c37a23 .av-special-heading-tag .heading-char{\nfont-size:25px;\n}\n.av-special-heading.av-l6en1tk7-9f7747313262c87225e48a0d49c37a23 .av-subheading{\nfont-size:15px;\n}\n<\/style>\n<div  class='av-special-heading av-l6en1tk7-9f7747313262c87225e48a0d49c37a23 av-special-heading-h4  avia-builder-el-4  el_after_av_textblock  el_before_av_textblock '><h4 class='av-special-heading-tag'  itemprop=\"headline\"  >Kopa\u015f\u2019l\u0131 Olmak<\/h4><div class=\"special-heading-border\"><div class=\"special-heading-inner-border\"><\/div><\/div><\/div>\n<section  class='av_textblock_section av-l6en288z-627b424f0d9c88d0a8719b014d7e92c6'  itemscope=\"itemscope\" itemtype=\"https:\/\/schema.org\/CreativeWork\" ><div class='avia_textblock'  itemprop=\"text\" ><p>\u0130\u015fe al\u0131m ve yerle\u015ftirme s\u00fcrecimizde; i\u015fin ve pozisyonun gerektirdi\u011fi bilgi, beceri, deneyim ve yetkinliklere sahip, kurum k\u00fclt\u00fcr ve de\u011ferlerimize uygun, \u015firketimizi gelece\u011fe ta\u015f\u0131yacak adaylar\u0131n \u015firkete kazand\u0131r\u0131lmas\u0131 ama\u00e7lanmaktad\u0131r.<\/p>\n<p>\u0130\u015fe al\u0131m ve yerle\u015ftirme s\u00fcrecinde objektif karar\u0131n verilmesini destekleyecek \u00e7a\u011fda\u015f de\u011ferlendirme y\u00f6ntemleri kullan\u0131larak, \u201cDo\u011fru \u0130\u015fe Do\u011fru \u00c7al\u0131\u015fan\u201d se\u00e7ilmesi, geli\u015ftirilmesi ve elde tutulmas\u0131 prensibi ile hareket edilir.<\/p>\n<\/div><\/section>\n\n<style type=\"text\/css\" data-created_by=\"avia_inline_auto\" id=\"style-css-av-l6c6xnu8-8f1d89c0cbde07698696f580d4c8726f\">\n#top .av-special-heading.av-l6c6xnu8-8f1d89c0cbde07698696f580d4c8726f{\npadding-bottom:10px;\n}\nbody .av-special-heading.av-l6c6xnu8-8f1d89c0cbde07698696f580d4c8726f .av-special-heading-tag .heading-char{\nfont-size:25px;\n}\n.av-special-heading.av-l6c6xnu8-8f1d89c0cbde07698696f580d4c8726f .av-subheading{\nfont-size:15px;\n}\n<\/style>\n<div  class='av-special-heading av-l6c6xnu8-8f1d89c0cbde07698696f580d4c8726f av-special-heading-h4  avia-builder-el-6  el_after_av_textblock  el_before_av_textblock '><h4 class='av-special-heading-tag'  itemprop=\"headline\"  >Kopa\u015f\u2019ta Hayat<\/h4><div class=\"special-heading-border\"><div class=\"special-heading-inner-border\"><\/div><\/div><\/div>\n<section  class='av_textblock_section av-l6c6y04x-0dcdd966950c6b2b039c187434e7223f'  itemscope=\"itemscope\" itemtype=\"https:\/\/schema.org\/CreativeWork\" ><div class='avia_textblock'  itemprop=\"text\" ><div class=\"row career-wrapper-row-one\">\n<p>\u00dcniversitelerden yeni mezun olan adaylar\u0131, merkez ofisimizde Pazarlama, \u0130nsan Kaynaklar\u0131, ARGE, \u00dcretim &#038; Planlama, \u0130hracat ve Muhasebe b\u00f6lu\u0308mlerinde Uzman Yard\u0131mc\u0131s\u0131 pozisyonlar\u0131 i\u00e7in de\u011ferlendiriyoruz. Ayr\u0131ca, i\u015f hayat\u0131n\u0131 yak\u0131ndan tan\u0131mak ve kendini geli\u015ftirmek isteyen u\u0308niversite \u00f6\u011frencilerine de k\u0131sa ve uzun d\u00f6nemli staj imkanlar\u0131 sunuyoruz.<\/p>\n<\/div>\n<\/div><\/section>\n<div class='flex_column av-5cd0jo-9f1fd0877db9a4a52caff6901a7ab5cf av_one_half  avia-builder-el-8  el_after_av_textblock  el_before_av_one_half  first flex_column_div column-top-margin'     ><style type=\"text\/css\" data-created_by=\"avia_inline_auto\" id=\"style-css-av-l6c767j6-30becc370cf1288f3ef4f12f049fe3bc\">\n.avia-image-container.av-l6c767j6-30becc370cf1288f3ef4f12f049fe3bc img.avia_image{\nbox-shadow:none;\n}\n.avia-image-container.av-l6c767j6-30becc370cf1288f3ef4f12f049fe3bc .av-image-caption-overlay-center{\ncolor:#ffffff;\n}\n<\/style>\n<div  class='avia-image-container av-l6c767j6-30becc370cf1288f3ef4f12f049fe3bc av-styling- avia-align-center  avia-builder-el-9  avia-builder-el-no-sibling '   itemprop=\"image\" itemscope=\"itemscope\" itemtype=\"https:\/\/schema.org\/ImageObject\" ><div class=\"avia-image-container-inner\"><div class=\"avia-image-overlay-wrap\"><a href=\"https:\/\/www.kariyer.net\/firma-profil\/kopas-kozmetik-pazarlama-ve-sanayi-a-s-1272-2975?gclid=EAIaIQobChMI-MrzwY2e-QIVzuh3Ch0oFwOBEAAYASAAEgJ-ZfD_BwE\" class='avia_image' ><img decoding=\"async\" class='wp-image-3514 avia-img-lazy-loading-not-3514 avia_image ' src=\"https:\/\/www.kopas.com\/wp-content\/uploads\/2022\/08\/Unknown.png\" alt='' title=''  height=\"64\" width=\"149\"  itemprop=\"thumbnailUrl\"  \/><\/a><\/div><\/div><\/div><\/div>\n<div class='flex_column av-3jl9n8-816d37be3fa6b4df3fe30393725cea54 av_one_half  avia-builder-el-10  el_after_av_one_half  avia-builder-el-last  flex_column_div column-top-margin'     ><style type=\"text\/css\" data-created_by=\"avia_inline_auto\" id=\"style-css-av-l6c779p6-f577cebdbe0a3df4a2b86c768afd2736\">\n.avia-image-container.av-l6c779p6-f577cebdbe0a3df4a2b86c768afd2736 img.avia_image{\nbox-shadow:none;\n}\n.avia-image-container.av-l6c779p6-f577cebdbe0a3df4a2b86c768afd2736 .av-image-caption-overlay-center{\ncolor:#ffffff;\n}\n<\/style>\n<div  class='avia-image-container av-l6c779p6-f577cebdbe0a3df4a2b86c768afd2736 av-styling- avia-align-center  avia-builder-el-11  avia-builder-el-no-sibling '   itemprop=\"image\" itemscope=\"itemscope\" itemtype=\"https:\/\/schema.org\/ImageObject\" ><div class=\"avia-image-container-inner\"><div class=\"avia-image-overlay-wrap\"><a href=\"https:\/\/tr.linkedin.com\/company\/kopas-kozmetik\" class='avia_image' ><img decoding=\"async\" class='wp-image-3377 avia-img-lazy-loading-not-3377 avia_image ' src=\"https:\/\/www.kopas.com\/wp-content\/uploads\/2022\/07\/LinkedIn.png\" alt='' title=''  height=\"64\" width=\"157\"  itemprop=\"thumbnailUrl\"  \/><\/a><\/div><\/div><\/div><\/div>\n","protected":false},"excerpt":{"rendered":"","protected":false},"author":1,"featured_media":0,"parent":0,"menu_order":0,"comment_status":"closed","ping_status":"closed","template":"","meta":{"footnotes":""},"class_list":["post-3508","page","type-page","status-publish","hentry"],"_links":{"self":[{"href":"https:\/\/www.kopas.com\/index.php\/wp-json\/wp\/v2\/pages\/3508","targetHints":{"allow":["GET"]}}],"collection":[{"href":"https:\/\/www.kopas.com\/index.php\/wp-json\/wp\/v2\/pages"}],"about":[{"href":"https:\/\/www.kopas.com\/index.php\/wp-json\/wp\/v2\/types\/page"}],"author":[{"embeddable":true,"href":"https:\/\/www.kopas.com\/index.php\/wp-json\/wp\/v2\/users\/1"}],"replies":[{"embeddable":true,"href":"https:\/\/www.kopas.com\/index.php\/wp-json\/wp\/v2\/comments?post=3508"}],"version-history":[{"count":11,"href":"https:\/\/www.kopas.com\/index.php\/wp-json\/wp\/v2\/pages\/3508\/revisions"}],"predecessor-version":[{"id":3634,"href":"https:\/\/www.kopas.com\/index.php\/wp-json\/wp\/v2\/pages\/3508\/revisions\/3634"}],"wp:attachment":[{"href":"https:\/\/www.kopas.com\/index.php\/wp-json\/wp\/v2\/media?parent=3508"}],"curies":[{"name":"wp","href":"https:\/\/api.w.org\/{rel}","templated":true}]}}