{"id":3547,"date":"2022-08-03T07:26:15","date_gmt":"2022-08-03T07:26:15","guid":{"rendered":"https:\/\/test9.kopas.com\/?page_id=3547"},"modified":"2024-12-09T11:52:01","modified_gmt":"2024-12-09T11:52:01","slug":"iletisim","status":"publish","type":"page","link":"https:\/\/www.kopas.com\/index.php\/iletisim\/","title":{"rendered":"\u0130leti\u015fim"},"content":{"rendered":"\n<style type=\"text\/css\" data-created_by=\"avia_inline_auto\" id=\"style-css-av-l6da2p3b-7670f2537037e282530949b19472d329\">\n.avia-image-container.av-l6da2p3b-7670f2537037e282530949b19472d329 img.avia_image{\nbox-shadow:none;\n}\n.avia-image-container.av-l6da2p3b-7670f2537037e282530949b19472d329 .av-image-caption-overlay-center{\ncolor:#ffffff;\n}\n<\/style>\n<div  class='avia-image-container av-l6da2p3b-7670f2537037e282530949b19472d329 av-styling- avia-align-center  avia-builder-el-0  el_before_av_heading  avia-builder-el-first '   itemprop=\"image\" itemscope=\"itemscope\" itemtype=\"https:\/\/schema.org\/ImageObject\" ><div class=\"avia-image-container-inner\"><div class=\"avia-image-overlay-wrap\"><img decoding=\"async\" class='wp-image-3630 avia-img-lazy-loading-not-3630 avia_image ' src=\"https:\/\/www.kopas.com\/wp-content\/uploads\/2022\/08\/pexels-photo-821754-1-1500x430.png\" alt='' title=''  height=\"430\" width=\"1500\"  itemprop=\"thumbnailUrl\"  \/><\/div><\/div><\/div>\n\n<style type=\"text\/css\" data-created_by=\"avia_inline_auto\" id=\"style-css-av-l6da4pyv-6e44c9663788d7ef760393f9fec9d081\">\n#top .av-special-heading.av-l6da4pyv-6e44c9663788d7ef760393f9fec9d081{\npadding-bottom:10px;\n}\nbody .av-special-heading.av-l6da4pyv-6e44c9663788d7ef760393f9fec9d081 .av-special-heading-tag .heading-char{\nfont-size:25px;\n}\n.av-special-heading.av-l6da4pyv-6e44c9663788d7ef760393f9fec9d081 .av-subheading{\nfont-size:15px;\n}\n<\/style>\n<div  class='av-special-heading av-l6da4pyv-6e44c9663788d7ef760393f9fec9d081 av-special-heading-h2 blockquote modern-quote modern-centered  avia-builder-el-1  el_after_av_image  el_before_av_one_half '><h2 class='av-special-heading-tag'  itemprop=\"headline\"  >\u0130leti\u015fim<\/h2><div class=\"special-heading-border\"><div class=\"special-heading-inner-border\"><\/div><\/div><\/div>\n<div class='flex_column av-42cunv-2aaba567d1fd54bfcd6b96c5473548d1 av_one_half  avia-builder-el-2  el_after_av_heading  el_before_av_one_half  first flex_column_div '     ><p>\n<style type=\"text\/css\" data-created_by=\"avia_inline_auto\" id=\"style-css-av-l6da7gec-e443e992d29a8ac01e3e658157dde6ba\">\n#top .av-special-heading.av-l6da7gec-e443e992d29a8ac01e3e658157dde6ba{\npadding-bottom:10px;\n}\nbody .av-special-heading.av-l6da7gec-e443e992d29a8ac01e3e658157dde6ba .av-special-heading-tag .heading-char{\nfont-size:25px;\n}\n.av-special-heading.av-l6da7gec-e443e992d29a8ac01e3e658157dde6ba .av-subheading{\nfont-size:15px;\n}\n<\/style>\n<div  class='av-special-heading av-l6da7gec-e443e992d29a8ac01e3e658157dde6ba av-special-heading-h3  avia-builder-el-3  el_before_av_textblock  avia-builder-el-first '><h3 class='av-special-heading-tag'  itemprop=\"headline\"  >Kopa\u015f Kozmetik<\/h3><div class=\"special-heading-border\"><div class=\"special-heading-inner-border\"><\/div><\/div><\/div><br \/>\n<section  class='av_textblock_section av-l6da7614-4b002f2ac1a3d8284443cab79a30a3ce'  itemscope=\"itemscope\" itemtype=\"https:\/\/schema.org\/CreativeWork\" ><div class='avia_textblock'  itemprop=\"text\" ><p>KOPA\u015e KOZMET\u0130K PAZARLAMA SANAY\u0130 A.\u015e Maslak Mahallesi S\u00fcmer Sokak No:4 Maslak Office Building Kat:17 34485 Maslak Istanbul Turkey<\/p>\n<\/div><\/section><br \/>\n<section  class='av_textblock_section av-l6dj97x8-eb1abbe255d11970e2ddc83540c1e7e1'  itemscope=\"itemscope\" itemtype=\"https:\/\/schema.org\/CreativeWork\" ><div class='avia_textblock'  itemprop=\"text\" ><p><iframe src=\"https:\/\/www.google.com\/maps\/embed?pb=!1m14!1m8!1m3!1d3006.1444605448905!2d29.017577999999997!3d41.109536!3m2!1i1024!2i768!4f13.1!3m3!1m2!1s0x0%3A0xd90c7fdf5141c0bd!2zS29wYcWfIEtvem1ldGlrIEdlbmVsIE3DvGTDvHJsw7xr!5e0!3m2!1str!2str!4v1659526505086!5m2!1str!2str\" width=\"600\" height=\"450\" style=\"border:0;\" allowfullscreen=\"\" loading=\"lazy\" referrerpolicy=\"no-referrer-when-downgrade\"><\/iframe><\/p>\n<\/div><\/section><br \/>\n\n<style type=\"text\/css\" data-created_by=\"avia_inline_auto\" id=\"style-css-av-l6da6qzv-93b10a3b085ea66bceb2f3ada80ca670\">\n#top .av-special-heading.av-l6da6qzv-93b10a3b085ea66bceb2f3ada80ca670{\npadding-bottom:10px;\n}\nbody .av-special-heading.av-l6da6qzv-93b10a3b085ea66bceb2f3ada80ca670 .av-special-heading-tag .heading-char{\nfont-size:25px;\n}\n.av-special-heading.av-l6da6qzv-93b10a3b085ea66bceb2f3ada80ca670 .av-subheading{\nfont-size:15px;\n}\n<\/style>\n<div  class='av-special-heading av-l6da6qzv-93b10a3b085ea66bceb2f3ada80ca670 av-special-heading-h3  avia-builder-el-6  el_after_av_textblock  el_before_av_textblock '><h3 class='av-special-heading-tag'  itemprop=\"headline\"  >\u00c7erkezk\u00f6y Fabrika<\/h3><div class=\"special-heading-border\"><div class=\"special-heading-inner-border\"><\/div><\/div><\/div><br \/>\n<section  class='av_textblock_section av-l6djg5f4-349057f573939d087568e3d1ad49c76f'  itemscope=\"itemscope\" itemtype=\"https:\/\/schema.org\/CreativeWork\" ><div class='avia_textblock'  itemprop=\"text\" ><p>KOPA\u015e KOZMET\u0130K PAZARLAMA SANAY\u0130 A.\u015e \u00c7OSB Karaa\u011fa\u00e7 Mahallesi, 5. Sok. No:6\/A 59500 Kapakl\u0131\/Tekirda\u011f<\/p>\n<\/div><\/section><br \/>\n<section  class='av_textblock_section av-l6djhac9-a2525deb8745de8878c08db43ed90b3e'  itemscope=\"itemscope\" itemtype=\"https:\/\/schema.org\/CreativeWork\" ><div class='avia_textblock'  itemprop=\"text\" ><p><iframe src=\"https:\/\/www.google.com\/maps\/embed?pb=!1m14!1m8!1m3!1d5994.224188965754!2d27.970864!3d41.306425!3m2!1i1024!2i768!4f13.1!3m3!1m2!1s0x0%3A0xf9fcc210ea031e76!2sKopa%C5%9F%20Kozmetik%20-%20Fabrika!5e0!3m2!1str!2str!4v1659526905642!5m2!1str!2str\" width=\"600\" height=\"450\" style=\"border:0;\" allowfullscreen=\"\" loading=\"lazy\" referrerpolicy=\"no-referrer-when-downgrade\"><\/iframe><\/p>\n<\/div><\/section><\/p><\/div><div class='flex_column av-8rbvuz-d28a4b7ab2af9e40e187d288fed03c69 av_one_half  avia-builder-el-9  el_after_av_one_half  avia-builder-el-last  flex_column_div '     ><p>\n<style type=\"text\/css\" data-created_by=\"avia_inline_auto\" id=\"style-css-av-q6px7-5a67d192ec0829cec0d7cdec09b5bc64\">\n#top .av-special-heading.av-q6px7-5a67d192ec0829cec0d7cdec09b5bc64{\npadding-bottom:10px;\n}\nbody .av-special-heading.av-q6px7-5a67d192ec0829cec0d7cdec09b5bc64 .av-special-heading-tag .heading-char{\nfont-size:25px;\n}\n.av-special-heading.av-q6px7-5a67d192ec0829cec0d7cdec09b5bc64 .av-subheading{\nfont-size:15px;\n}\n<\/style>\n<div  class='av-special-heading av-q6px7-5a67d192ec0829cec0d7cdec09b5bc64 av-special-heading-h3  avia-builder-el-10  el_before_av_textblock  avia-builder-el-first '><h3 class='av-special-heading-tag'  itemprop=\"headline\"  >Dan\u0131\u015fma Hatt\u0131<\/h3><div class=\"special-heading-border\"><div class=\"special-heading-inner-border\"><\/div><\/div><\/div><br \/>\n<section  class='av_textblock_section av-l6da6fq4-d07cdac5591b54402b77874ce3e66439'  itemscope=\"itemscope\" itemtype=\"https:\/\/schema.org\/CreativeWork\" ><div class='avia_textblock'  itemprop=\"text\" ><p><a href=\"tel:08506226260\">0850 622 62 60 <\/a><\/p>\n<\/div><\/section><br \/>\n<form action=\"https:\/\/www.kopas.com\/index.php\/iletisim\/\" method=\"post\"  class=\"avia_ajax_form av-form-labels-visible   avia-builder-el-12  el_after_av_textblock  el_before_av_slideshow  av-centered-form  av-custom-form-color av-dark-form \" data-avia-form-id=\"1\" data-avia-redirect='' ><h3 class=''>Bize Ula\u015f\u0131n<\/h3><fieldset><p class='  first_form  form_element form_fullwidth' id='element_avia_1_1'><label for=\"avia_1_1\">Ad\u0131n\u0131z Soyad\u0131n\u0131z <abbr class=\"required\" title=\"Zorunlu\">*<\/abbr><\/label> <input name=\"avia_1_1\" class=\"text_input is_empty\" type=\"text\" id=\"avia_1_1\" value=\"\" \/><\/p><p class='  first_form  form_element form_fullwidth' id='element_avia_2_1'><label for=\"avia_2_1\">E-Posta Adresiniz <abbr class=\"required\" title=\"Zorunlu\">*<\/abbr><\/label> <input name=\"avia_2_1\" class=\"text_input is_special_email\" type=\"text\" id=\"avia_2_1\" value=\"\" \/><\/p><p class='  first_form  form_element form_fullwidth' id='element_avia_3_1'><label for=\"avia_3_1\">Konu <abbr class=\"required\" title=\"Zorunlu\">*<\/abbr><\/label> <input name=\"avia_3_1\" class=\"text_input is_empty\" type=\"text\" id=\"avia_3_1\" value=\"\" \/><\/p><p class='  first_form  form_element form_fullwidth av-last-visible-form-element' id='element_avia_4_1'><label for=\"avia_4_1\" class=\"textare_label hidden textare_label_avia_4_1\">Mesaj\u0131n\u0131z <abbr class=\"required\" title=\"Zorunlu\">*<\/abbr><\/label><textarea  name=\"avia_4_1\" class=\"text_area is_empty\" cols=\"40\" rows=\"7\" id=\"avia_4_1\" ><\/textarea><\/p><p class=\"hidden\"><input type=\"text\" name=\"avia_5_1\" class=\"hidden \" id=\"avia_5_1\" value=\"\" \/><\/p><p class=\"form_element \"><input type=\"hidden\" value=\"1\" name=\"avia_generated_form1\" \/><input type=\"submit\" value=\"G\u00f6nder\" class=\"button\"  data-sending-label=\"G\u00f6nderiliyor\"\/><\/p><\/fieldset><\/form><div id=\"ajaxresponse_1\" class=\"ajaxresponse ajaxresponse_1 hidden\"><\/div><br \/>\n<div  class='avia-slideshow av-l6djr32r-968d8b8802097b7e938a2edd5eb70ca7 avia-slideshow-masonry av_slideshow avia-slide-slider  avia-builder-el-13  el_after_av_contact  avia-builder-el-last  av-slideshow-ui av-control-default av-slideshow-autoplay av-loop-endless av-loop-manual-endless av-default-height-applied avia-slideshow-1' data-slideshow-options=\"{&quot;animation&quot;:&quot;slide&quot;,&quot;autoplay&quot;:true,&quot;loop_autoplay&quot;:&quot;endless&quot;,&quot;interval&quot;:3,&quot;loop_manual&quot;:&quot;manual-endless&quot;,&quot;autoplay_stopper&quot;:false,&quot;noNavigation&quot;:false,&quot;bg_slider&quot;:false,&quot;keep_padding&quot;:false,&quot;hoverpause&quot;:false,&quot;show_slide_delay&quot;:0}\"  itemprop=\"image\" itemscope=\"itemscope\" itemtype=\"https:\/\/schema.org\/ImageObject\" ><ul class='avia-slideshow-inner ' style='padding-bottom: 66.726296958855%;'><li  class='avia-slideshow-slide av-l6djr32r-968d8b8802097b7e938a2edd5eb70ca7__0  slide-1 slide-odd'><div data-rel='slideshow-1' class='avia-slide-wrap '   ><img decoding=\"async\" class=\"wp-image-3557 avia-img-lazy-loading-not-3557\"  src=\"https:\/\/www.kopas.com\/wp-content\/uploads\/2022\/08\/B9A4484.png\" width=\"559\" height=\"373\" title='_B9A4484' alt=''  itemprop=\"thumbnailUrl\" srcset=\"https:\/\/www.kopas.com\/wp-content\/uploads\/2022\/08\/B9A4484.png 559w, https:\/\/www.kopas.com\/wp-content\/uploads\/2022\/08\/B9A4484-300x200.png 300w\" sizes=\"(max-width: 559px) 100vw, 559px\" \/><\/div><\/li><li  class='avia-slideshow-slide av-l6djr32r-968d8b8802097b7e938a2edd5eb70ca7__1  slide-2 slide-even'><div data-rel='slideshow-1' class='avia-slide-wrap '   ><img decoding=\"async\" class=\"wp-image-3556 avia-img-lazy-loading-not-3556\"  src=\"https:\/\/www.kopas.com\/wp-content\/uploads\/2022\/08\/B9A4795.png\" width=\"559\" height=\"374\" title='_B9A4795' alt=''  itemprop=\"thumbnailUrl\" srcset=\"https:\/\/www.kopas.com\/wp-content\/uploads\/2022\/08\/B9A4795.png 559w, https:\/\/www.kopas.com\/wp-content\/uploads\/2022\/08\/B9A4795-300x201.png 300w\" sizes=\"(max-width: 559px) 100vw, 559px\" \/><\/div><\/li><li  class='avia-slideshow-slide av-l6djr32r-968d8b8802097b7e938a2edd5eb70ca7__2  slide-3 slide-odd'><div data-rel='slideshow-1' class='avia-slide-wrap '   ><img decoding=\"async\" class=\"wp-image-3555 avia-img-lazy-loading-not-3555\"  src=\"https:\/\/www.kopas.com\/wp-content\/uploads\/2022\/08\/B9A4809-1.png\" width=\"560\" height=\"374\" title='_B9A4809 (1)' alt=''  itemprop=\"thumbnailUrl\" srcset=\"https:\/\/www.kopas.com\/wp-content\/uploads\/2022\/08\/B9A4809-1.png 560w, https:\/\/www.kopas.com\/wp-content\/uploads\/2022\/08\/B9A4809-1-300x200.png 300w\" sizes=\"(max-width: 560px) 100vw, 560px\" \/><\/div><\/li><\/ul><div class='avia-slideshow-arrows avia-slideshow-controls' ><a href='#prev' class='prev-slide ' aria-hidden='true' data-av_icon='\ue87c' data-av_iconfont='entypo-fontello'  tabindex='-1'>\u00d6nceki<\/a><a href='#next' class='next-slide ' aria-hidden='true' data-av_icon='\ue87d' data-av_iconfont='entypo-fontello'  tabindex='-1'>Sonraki<\/a><\/div><div class='avia-slideshow-dots avia-slideshow-controls'><a href='#1' class='goto-slide active' >1<\/a><a href='#2' class='goto-slide ' >2<\/a><a href='#3' class='goto-slide ' >3<\/a><\/div><\/div><\/p><\/div><\/p>\n","protected":false},"excerpt":{"rendered":"","protected":false},"author":1,"featured_media":0,"parent":0,"menu_order":0,"comment_status":"closed","ping_status":"closed","template":"","meta":{"footnotes":""},"class_list":["post-3547","page","type-page","status-publish","hentry"],"_links":{"self":[{"href":"https:\/\/www.kopas.com\/index.php\/wp-json\/wp\/v2\/pages\/3547","targetHints":{"allow":["GET"]}}],"collection":[{"href":"https:\/\/www.kopas.com\/index.php\/wp-json\/wp\/v2\/pages"}],"about":[{"href":"https:\/\/www.kopas.com\/index.php\/wp-json\/wp\/v2\/types\/page"}],"author":[{"embeddable":true,"href":"https:\/\/www.kopas.com\/index.php\/wp-json\/wp\/v2\/users\/1"}],"replies":[{"embeddable":true,"href":"https:\/\/www.kopas.com\/index.php\/wp-json\/wp\/v2\/comments?post=3547"}],"version-history":[{"count":9,"href":"https:\/\/www.kopas.com\/index.php\/wp-json\/wp\/v2\/pages\/3547\/revisions"}],"predecessor-version":[{"id":3933,"href":"https:\/\/www.kopas.com\/index.php\/wp-json\/wp\/v2\/pages\/3547\/revisions\/3933"}],"wp:attachment":[{"href":"https:\/\/www.kopas.com\/index.php\/wp-json\/wp\/v2\/media?parent=3547"}],"curies":[{"name":"wp","href":"https:\/\/api.w.org\/{rel}","templated":true}]}}