{"id":3878,"date":"2024-05-20T10:21:55","date_gmt":"2024-05-20T10:21:55","guid":{"rendered":"https:\/\/www.kopas.com\/index.php\/cevre-politikasi-copy\/"},"modified":"2025-05-27T11:06:20","modified_gmt":"2025-05-27T11:06:20","slug":"sertifikalar","status":"publish","type":"page","link":"https:\/\/www.kopas.com\/index.php\/sertifikalar\/","title":{"rendered":"Sertifikalar"},"content":{"rendered":"\n<style type=\"text\/css\" data-created_by=\"avia_inline_auto\" id=\"style-css-av-l64zxuhb-90dc4e22bd8d666496733e04a1326647\">\n#top .av-special-heading.av-l64zxuhb-90dc4e22bd8d666496733e04a1326647{\npadding-bottom:10px;\n}\nbody .av-special-heading.av-l64zxuhb-90dc4e22bd8d666496733e04a1326647 .av-special-heading-tag .heading-char{\nfont-size:25px;\n}\n.av-special-heading.av-l64zxuhb-90dc4e22bd8d666496733e04a1326647 .av-subheading{\nfont-size:15px;\n}\n<\/style>\n<div  class='av-special-heading av-l64zxuhb-90dc4e22bd8d666496733e04a1326647 av-special-heading-h3  avia-builder-el-0  el_before_av_gallery  avia-builder-el-first '><h3 class='av-special-heading-tag'  itemprop=\"headline\"  >Sertifikalar<\/h3><div class=\"special-heading-border\"><div class=\"special-heading-inner-border\"><\/div><\/div><\/div>\n\n<style type=\"text\/css\" data-created_by=\"avia_inline_auto\" id=\"style-css-av-lwey5866-a9feedb85a9eda3aebbe0093ce747e0b\">\n#top .avia-gallery.av-lwey5866-a9feedb85a9eda3aebbe0093ce747e0b .avia-gallery-thumb a{\nwidth:20%;\n}\n<\/style>\n<div  class='avia-gallery av-lwey5866-a9feedb85a9eda3aebbe0093ce747e0b avia_animate_when_visible  avia-builder-el-1  el_after_av_heading  avia-builder-el-last  avia_lazyload avia-gallery-animate avia-gallery-1'  itemprop=\"image\" itemscope=\"itemscope\" itemtype=\"https:\/\/schema.org\/ImageObject\" ><meta itemprop=\"contentURL\" content=\"https:\/\/www.kopas.com\/index.php\/sertifikalar\/\"><div class='avia-gallery-thumb'><a href=\"https:\/\/www.kopas.com\/wp-content\/uploads\/2024\/05\/KOPAS-KOZMETIK-SAN.-VE-PAZARLAMA-A.S._-ISO-22716-2007_ACCREDIA_ENG_page-0001-728x1030.jpg\" data-srcset=\"https:\/\/www.kopas.com\/wp-content\/uploads\/2024\/05\/KOPAS-KOZMETIK-SAN.-VE-PAZARLAMA-A.S._-ISO-22716-2007_ACCREDIA_ENG_page-0001-728x1030.jpg 728w, https:\/\/www.kopas.com\/wp-content\/uploads\/2024\/05\/KOPAS-KOZMETIK-SAN.-VE-PAZARLAMA-A.S._-ISO-22716-2007_ACCREDIA_ENG_page-0001-212x300.jpg 212w, https:\/\/www.kopas.com\/wp-content\/uploads\/2024\/05\/KOPAS-KOZMETIK-SAN.-VE-PAZARLAMA-A.S._-ISO-22716-2007_ACCREDIA_ENG_page-0001-768x1086.jpg 768w, https:\/\/www.kopas.com\/wp-content\/uploads\/2024\/05\/KOPAS-KOZMETIK-SAN.-VE-PAZARLAMA-A.S._-ISO-22716-2007_ACCREDIA_ENG_page-0001-1086x1536.jpg 1086w, https:\/\/www.kopas.com\/wp-content\/uploads\/2024\/05\/KOPAS-KOZMETIK-SAN.-VE-PAZARLAMA-A.S._-ISO-22716-2007_ACCREDIA_ENG_page-0001-1061x1500.jpg 1061w, https:\/\/www.kopas.com\/wp-content\/uploads\/2024\/05\/KOPAS-KOZMETIK-SAN.-VE-PAZARLAMA-A.S._-ISO-22716-2007_ACCREDIA_ENG_page-0001-499x705.jpg 499w, https:\/\/www.kopas.com\/wp-content\/uploads\/2024\/05\/KOPAS-KOZMETIK-SAN.-VE-PAZARLAMA-A.S._-ISO-22716-2007_ACCREDIA_ENG_page-0001.jpg 1241w\" data-sizes=\"(max-width: 728px) 100vw, 728px\" data-rel='gallery-1' data-prev-img='https:\/\/www.kopas.com\/wp-content\/uploads\/2024\/05\/KOPAS-KOZMETIK-SAN.-VE-PAZARLAMA-A.S._-ISO-22716-2007_ACCREDIA_ENG_page-0001-495x400.jpg' class='first_thumb lightbox ' data-onclick='1' title='ISO 22716-2008'  itemprop=\"thumbnailUrl\"  ><img decoding=\"async\" class=\"wp-image-3892 avia-img-lazy-loading-not-3892\"  data-avia-tooltip='ISO 22716-2008' src=\"https:\/\/www.kopas.com\/wp-content\/uploads\/2024\/05\/KOPAS-KOZMETIK-SAN.-VE-PAZARLAMA-A.S._-ISO-22716-2007_ACCREDIA_ENG_page-0001-495x400.jpg\" width=\"495\" height=\"400\"  title='KOPA\u015e KOZMET\u0130K SAN. VE PAZARLAMA A.\u015e._ ISO 22716 2007_ACCREDIA_ENG_page-0001' alt='' srcset=\"https:\/\/www.kopas.com\/wp-content\/uploads\/2024\/05\/KOPAS-KOZMETIK-SAN.-VE-PAZARLAMA-A.S._-ISO-22716-2007_ACCREDIA_ENG_page-0001-495x400.jpg 495w, https:\/\/www.kopas.com\/wp-content\/uploads\/2024\/05\/KOPAS-KOZMETIK-SAN.-VE-PAZARLAMA-A.S._-ISO-22716-2007_ACCREDIA_ENG_page-0001-845x684.jpg 845w\" sizes=\"(max-width: 495px) 100vw, 495px\" \/><div class='big-prev-fake'><img loading=\"lazy\" decoding=\"async\" class=\"wp-image-3892 avia-img-lazy-loading-3892\"  width=\"495\" height=\"400\" src=\"https:\/\/www.kopas.com\/wp-content\/uploads\/2024\/05\/KOPAS-KOZMETIK-SAN.-VE-PAZARLAMA-A.S._-ISO-22716-2007_ACCREDIA_ENG_page-0001-495x400.jpg\" title='KOPA\u015e KOZMET\u0130K SAN. VE PAZARLAMA A.\u015e._ ISO 22716 2007_ACCREDIA_ENG_page-0001' alt='' srcset=\"https:\/\/www.kopas.com\/wp-content\/uploads\/2024\/05\/KOPAS-KOZMETIK-SAN.-VE-PAZARLAMA-A.S._-ISO-22716-2007_ACCREDIA_ENG_page-0001-495x400.jpg 495w, https:\/\/www.kopas.com\/wp-content\/uploads\/2024\/05\/KOPAS-KOZMETIK-SAN.-VE-PAZARLAMA-A.S._-ISO-22716-2007_ACCREDIA_ENG_page-0001-845x684.jpg 845w\" sizes=\"auto, (max-width: 495px) 100vw, 495px\" \/><\/div><\/a><a href=\"https:\/\/www.kopas.com\/wp-content\/uploads\/2025\/05\/KOPAS-KOZMETIK-PAZARLAMA-VE-SANAYI-A.S.-ISO-45001-731x1030.png\" data-srcset=\"https:\/\/www.kopas.com\/wp-content\/uploads\/2025\/05\/KOPAS-KOZMETIK-PAZARLAMA-VE-SANAYI-A.S.-ISO-45001-731x1030.png 731w, https:\/\/www.kopas.com\/wp-content\/uploads\/2025\/05\/KOPAS-KOZMETIK-PAZARLAMA-VE-SANAYI-A.S.-ISO-45001-213x300.png 213w, https:\/\/www.kopas.com\/wp-content\/uploads\/2025\/05\/KOPAS-KOZMETIK-PAZARLAMA-VE-SANAYI-A.S.-ISO-45001-768x1082.png 768w, https:\/\/www.kopas.com\/wp-content\/uploads\/2025\/05\/KOPAS-KOZMETIK-PAZARLAMA-VE-SANAYI-A.S.-ISO-45001-1090x1536.png 1090w, https:\/\/www.kopas.com\/wp-content\/uploads\/2025\/05\/KOPAS-KOZMETIK-PAZARLAMA-VE-SANAYI-A.S.-ISO-45001-1454x2048.png 1454w, https:\/\/www.kopas.com\/wp-content\/uploads\/2025\/05\/KOPAS-KOZMETIK-PAZARLAMA-VE-SANAYI-A.S.-ISO-45001-1065x1500.png 1065w, https:\/\/www.kopas.com\/wp-content\/uploads\/2025\/05\/KOPAS-KOZMETIK-PAZARLAMA-VE-SANAYI-A.S.-ISO-45001-500x705.png 500w\" data-sizes=\"(max-width: 731px) 100vw, 731px\" data-rel='gallery-1' data-prev-img='https:\/\/www.kopas.com\/wp-content\/uploads\/2025\/05\/KOPAS-KOZMETIK-PAZARLAMA-VE-SANAYI-A.S.-ISO-45001-495x400.png' class='lightbox ' data-onclick='2' title='ISO 45001 &#8211; 2018'  itemprop=\"thumbnailUrl\"  ><img decoding=\"async\" class=\"wp-image-3942 avia-img-lazy-loading-not-3942\"  data-avia-tooltip='ISO 45001 &#8211; 2018' src=\"https:\/\/www.kopas.com\/wp-content\/uploads\/2025\/05\/KOPAS-KOZMETIK-PAZARLAMA-VE-SANAYI-A.S.-ISO-45001-495x400.png\" width=\"495\" height=\"400\"  title='KOPA\u015e KOZMET\u0130K PAZARLAMA VE SANAY\u0130 A.\u015e. ISO 45001' alt='' srcset=\"https:\/\/www.kopas.com\/wp-content\/uploads\/2025\/05\/KOPAS-KOZMETIK-PAZARLAMA-VE-SANAYI-A.S.-ISO-45001-495x400.png 495w, https:\/\/www.kopas.com\/wp-content\/uploads\/2025\/05\/KOPAS-KOZMETIK-PAZARLAMA-VE-SANAYI-A.S.-ISO-45001-845x684.png 845w\" sizes=\"(max-width: 495px) 100vw, 495px\" \/><div class='big-prev-fake'><img loading=\"lazy\" decoding=\"async\" class=\"wp-image-3942 avia-img-lazy-loading-3942\"  width=\"495\" height=\"400\" src=\"https:\/\/www.kopas.com\/wp-content\/uploads\/2025\/05\/KOPAS-KOZMETIK-PAZARLAMA-VE-SANAYI-A.S.-ISO-45001-495x400.png\" title='KOPA\u015e KOZMET\u0130K PAZARLAMA VE SANAY\u0130 A.\u015e. ISO 45001' alt='' srcset=\"https:\/\/www.kopas.com\/wp-content\/uploads\/2025\/05\/KOPAS-KOZMETIK-PAZARLAMA-VE-SANAYI-A.S.-ISO-45001-495x400.png 495w, https:\/\/www.kopas.com\/wp-content\/uploads\/2025\/05\/KOPAS-KOZMETIK-PAZARLAMA-VE-SANAYI-A.S.-ISO-45001-845x684.png 845w\" sizes=\"auto, (max-width: 495px) 100vw, 495px\" \/><\/div><\/a><a href=\"https:\/\/www.kopas.com\/wp-content\/uploads\/2025\/05\/KOPAS-KOZMETIK-PAZARLAMA-VE-SANAYI-A.S.-ISO-14001-731x1030.png\" data-srcset=\"https:\/\/www.kopas.com\/wp-content\/uploads\/2025\/05\/KOPAS-KOZMETIK-PAZARLAMA-VE-SANAYI-A.S.-ISO-14001-731x1030.png 731w, https:\/\/www.kopas.com\/wp-content\/uploads\/2025\/05\/KOPAS-KOZMETIK-PAZARLAMA-VE-SANAYI-A.S.-ISO-14001-213x300.png 213w, https:\/\/www.kopas.com\/wp-content\/uploads\/2025\/05\/KOPAS-KOZMETIK-PAZARLAMA-VE-SANAYI-A.S.-ISO-14001-768x1082.png 768w, https:\/\/www.kopas.com\/wp-content\/uploads\/2025\/05\/KOPAS-KOZMETIK-PAZARLAMA-VE-SANAYI-A.S.-ISO-14001-1090x1536.png 1090w, https:\/\/www.kopas.com\/wp-content\/uploads\/2025\/05\/KOPAS-KOZMETIK-PAZARLAMA-VE-SANAYI-A.S.-ISO-14001-1454x2048.png 1454w, https:\/\/www.kopas.com\/wp-content\/uploads\/2025\/05\/KOPAS-KOZMETIK-PAZARLAMA-VE-SANAYI-A.S.-ISO-14001-1065x1500.png 1065w, https:\/\/www.kopas.com\/wp-content\/uploads\/2025\/05\/KOPAS-KOZMETIK-PAZARLAMA-VE-SANAYI-A.S.-ISO-14001-500x705.png 500w\" data-sizes=\"(max-width: 731px) 100vw, 731px\" data-rel='gallery-1' data-prev-img='https:\/\/www.kopas.com\/wp-content\/uploads\/2025\/05\/KOPAS-KOZMETIK-PAZARLAMA-VE-SANAYI-A.S.-ISO-14001-495x400.png' class='lightbox ' data-onclick='3' title='ISO 14001 &#8211; 2015'  itemprop=\"thumbnailUrl\"  ><img decoding=\"async\" class=\"wp-image-3943 avia-img-lazy-loading-not-3943\"  data-avia-tooltip='ISO 14001 &#8211; 2015' src=\"https:\/\/www.kopas.com\/wp-content\/uploads\/2025\/05\/KOPAS-KOZMETIK-PAZARLAMA-VE-SANAYI-A.S.-ISO-14001-495x400.png\" width=\"495\" height=\"400\"  title='KOPA\u015e KOZMET\u0130K PAZARLAMA VE SANAY\u0130 A.\u015e. ISO 14001' alt='' srcset=\"https:\/\/www.kopas.com\/wp-content\/uploads\/2025\/05\/KOPAS-KOZMETIK-PAZARLAMA-VE-SANAYI-A.S.-ISO-14001-495x400.png 495w, https:\/\/www.kopas.com\/wp-content\/uploads\/2025\/05\/KOPAS-KOZMETIK-PAZARLAMA-VE-SANAYI-A.S.-ISO-14001-845x684.png 845w\" sizes=\"(max-width: 495px) 100vw, 495px\" \/><div class='big-prev-fake'><img loading=\"lazy\" decoding=\"async\" class=\"wp-image-3943 avia-img-lazy-loading-3943\"  width=\"495\" height=\"400\" src=\"https:\/\/www.kopas.com\/wp-content\/uploads\/2025\/05\/KOPAS-KOZMETIK-PAZARLAMA-VE-SANAYI-A.S.-ISO-14001-495x400.png\" title='KOPA\u015e KOZMET\u0130K PAZARLAMA VE SANAY\u0130 A.\u015e. ISO 14001' alt='' srcset=\"https:\/\/www.kopas.com\/wp-content\/uploads\/2025\/05\/KOPAS-KOZMETIK-PAZARLAMA-VE-SANAYI-A.S.-ISO-14001-495x400.png 495w, https:\/\/www.kopas.com\/wp-content\/uploads\/2025\/05\/KOPAS-KOZMETIK-PAZARLAMA-VE-SANAYI-A.S.-ISO-14001-845x684.png 845w\" sizes=\"auto, (max-width: 495px) 100vw, 495px\" \/><\/div><\/a><a href=\"https:\/\/www.kopas.com\/wp-content\/uploads\/2025\/05\/kopas_iso9001-731x1030.png\" data-srcset=\"https:\/\/www.kopas.com\/wp-content\/uploads\/2025\/05\/kopas_iso9001-731x1030.png 731w, https:\/\/www.kopas.com\/wp-content\/uploads\/2025\/05\/kopas_iso9001-213x300.png 213w, https:\/\/www.kopas.com\/wp-content\/uploads\/2025\/05\/kopas_iso9001-768x1082.png 768w, https:\/\/www.kopas.com\/wp-content\/uploads\/2025\/05\/kopas_iso9001-1090x1536.png 1090w, https:\/\/www.kopas.com\/wp-content\/uploads\/2025\/05\/kopas_iso9001-1454x2048.png 1454w, https:\/\/www.kopas.com\/wp-content\/uploads\/2025\/05\/kopas_iso9001-1065x1500.png 1065w, https:\/\/www.kopas.com\/wp-content\/uploads\/2025\/05\/kopas_iso9001-500x705.png 500w\" data-sizes=\"(max-width: 731px) 100vw, 731px\" data-rel='gallery-1' data-prev-img='https:\/\/www.kopas.com\/wp-content\/uploads\/2025\/05\/kopas_iso9001-495x400.png' class='lightbox ' data-onclick='4' title='ISO 9001 &#8211; 2015'  itemprop=\"thumbnailUrl\"  ><img decoding=\"async\" class=\"wp-image-3944 avia-img-lazy-loading-not-3944\"  data-avia-tooltip='ISO 9001 &#8211; 2015' src=\"https:\/\/www.kopas.com\/wp-content\/uploads\/2025\/05\/kopas_iso9001-495x400.png\" width=\"495\" height=\"400\"  title='kopas_iso9001' alt='' srcset=\"https:\/\/www.kopas.com\/wp-content\/uploads\/2025\/05\/kopas_iso9001-495x400.png 495w, https:\/\/www.kopas.com\/wp-content\/uploads\/2025\/05\/kopas_iso9001-845x684.png 845w\" sizes=\"(max-width: 495px) 100vw, 495px\" \/><div class='big-prev-fake'><img loading=\"lazy\" decoding=\"async\" class=\"wp-image-3944 avia-img-lazy-loading-3944\"  width=\"495\" height=\"400\" src=\"https:\/\/www.kopas.com\/wp-content\/uploads\/2025\/05\/kopas_iso9001-495x400.png\" title='kopas_iso9001' alt='' srcset=\"https:\/\/www.kopas.com\/wp-content\/uploads\/2025\/05\/kopas_iso9001-495x400.png 495w, https:\/\/www.kopas.com\/wp-content\/uploads\/2025\/05\/kopas_iso9001-845x684.png 845w\" sizes=\"auto, (max-width: 495px) 100vw, 495px\" \/><\/div><\/a><\/div><\/div>\n","protected":false},"excerpt":{"rendered":"","protected":false},"author":1,"featured_media":0,"parent":0,"menu_order":0,"comment_status":"closed","ping_status":"closed","template":"","meta":{"footnotes":""},"class_list":["post-3878","page","type-page","status-publish","hentry"],"_links":{"self":[{"href":"https:\/\/www.kopas.com\/index.php\/wp-json\/wp\/v2\/pages\/3878","targetHints":{"allow":["GET"]}}],"collection":[{"href":"https:\/\/www.kopas.com\/index.php\/wp-json\/wp\/v2\/pages"}],"about":[{"href":"https:\/\/www.kopas.com\/index.php\/wp-json\/wp\/v2\/types\/page"}],"author":[{"embeddable":true,"href":"https:\/\/www.kopas.com\/index.php\/wp-json\/wp\/v2\/users\/1"}],"replies":[{"embeddable":true,"href":"https:\/\/www.kopas.com\/index.php\/wp-json\/wp\/v2\/comments?post=3878"}],"version-history":[{"count":20,"href":"https:\/\/www.kopas.com\/index.php\/wp-json\/wp\/v2\/pages\/3878\/revisions"}],"predecessor-version":[{"id":3945,"href":"https:\/\/www.kopas.com\/index.php\/wp-json\/wp\/v2\/pages\/3878\/revisions\/3945"}],"wp:attachment":[{"href":"https:\/\/www.kopas.com\/index.php\/wp-json\/wp\/v2\/media?parent=3878"}],"curies":[{"name":"wp","href":"https:\/\/api.w.org\/{rel}","templated":true}]}}