{"id":3955,"date":"2025-09-25T14:37:11","date_gmt":"2025-09-25T11:37:11","guid":{"rendered":"https:\/\/www.kopas.com\/?page_id=3955"},"modified":"2025-09-25T14:43:23","modified_gmt":"2025-09-25T11:43:23","slug":"cevre-politikasi-2025","status":"publish","type":"page","link":"https:\/\/www.kopas.com\/index.php\/cevre-politikasi-2025\/","title":{"rendered":"\u00c7EVRE POL\u0130T\u0130KASI -2025"},"content":{"rendered":"<div id='av_section_1'  class='avia-section av-l65002my-3672219d82b97022fe9a7ed71cb6a2be main_color avia-section-default avia-no-border-styling  avia-builder-el-0  el_before_av_one_full  avia-builder-el-first  avia-bg-style-scroll container_wrap fullsize'  ><div class='container av-section-cont-open' ><main  role=\"main\" itemprop=\"mainContentOfPage\"  class='template-page content  av-content-full alpha units'><div class='post-entry post-entry-type-page post-entry-3955'><div class='entry-content-wrapper clearfix'>\n\n<style type=\"text\/css\" data-created_by=\"avia_inline_auto\" id=\"style-css-av-l64zxuhb-1e8538ee2776b5ed3803c6d672e6209a\">\n#top .av-special-heading.av-l64zxuhb-1e8538ee2776b5ed3803c6d672e6209a{\npadding-bottom:10px;\n}\nbody .av-special-heading.av-l64zxuhb-1e8538ee2776b5ed3803c6d672e6209a .av-special-heading-tag .heading-char{\nfont-size:25px;\n}\n.av-special-heading.av-l64zxuhb-1e8538ee2776b5ed3803c6d672e6209a .av-subheading{\nfont-size:15px;\n}\n<\/style>\n<div  class='av-special-heading av-l64zxuhb-1e8538ee2776b5ed3803c6d672e6209a av-special-heading-h3  avia-builder-el-1  el_before_av_textblock  avia-builder-el-first '><h3 class='av-special-heading-tag'  itemprop=\"headline\"  >\u00c7evre Politikas\u0131<\/h3><div class=\"special-heading-border\"><div class=\"special-heading-inner-border\"><\/div><\/div><\/div>\n<section  class='av_textblock_section av-l64w6cm0-c7014346c58e3b4886fec6ff5f0a3e50'  itemscope=\"itemscope\" itemtype=\"https:\/\/schema.org\/CreativeWork\" ><div class='avia_textblock'  itemprop=\"text\" ><p>\u00c7erkezk\u00f6y Organize Sanayi B\u00f6lgesi\u2019nde bulunan tesisimizde; kozmetik, sa\u011fl\u0131k, temel sa\u011fl\u0131k ve biyosidal \u00fcr\u00fcnleri \u00fcretim faaliyetlerimizden kaynaklanan \u00e7evre boyutlar\u0131n\u0131n, \u00e7evre ve insan\u00a0 sa\u011fl\u0131\u011f\u0131\u00a0 \u00fczerindeki\u00a0 olas\u0131 etkilerini kontrol alt\u0131nda tutar ve en aza indirmek i\u00e7in uygun teknolojileri kullan\u0131r\u0131z.<\/p>\n<p>Kozmetik, sa\u011fl\u0131k, temel sa\u011fl\u0131k ve biyosidal \u00fcr\u00fcnlerin \u00fcretimini ger\u00e7ekle\u015ftirirken, y\u00fcr\u00fcrl\u00fckteki Sa\u011fl\u0131k Bakanl\u0131\u011f\u0131 ayr\u0131ca \u00c7evre Kanunu ile ilgili Yasa ve Y\u00f6netmeliklere uyumu sa\u011flar\u0131z. M\u00fc\u015fterilerimizin ve i\u015f birli\u011fi i\u00e7erisinde oldu\u011fumuz kurum ve kurulu\u015flar\u0131n yasal gerekliliklere ters d\u00fc\u015fmeyen taleplerini dikkate al\u0131r\u0131z. Tedarik\u00e7ilerimiz ve fason i\u015f yapt\u0131rd\u0131\u011f\u0131m\u0131z kurulu\u015flar\u0131n yasalara uygunlu\u011funu kontrol eder ve de\u011ferlendiririz.<\/p>\n<p>Kurulu\u015fumuzun faaliyetlerinden kaynaklanan \u00e7evresel etkileri ve bunlara ba\u011fl\u0131 riskleri belirleriz. Bu riskleri ve etkilerini m\u00fcmk\u00fcn olabilen en d\u00fc\u015f\u00fck seviyeye indirmek i\u00e7in hedeflerimizi ISO 14001 \u00c7evre Y\u00f6netim Sistemi kapsam\u0131nda olu\u015ftururuz.<\/p>\n<p>Gelecek nesillerimize s\u00fcrd\u00fcr\u00fclebilir bir \u00a0\u00e7evre ve kullan\u0131labilir do\u011fal kaynak b\u0131rakmak i\u00e7in ham madde fire oran\u0131n\u0131n azalt\u0131lmas\u0131n\u0131, at\u0131klar\u0131n en d\u00fc\u015f\u00fck seviyeye indirilmesini, at\u0131k sular\u0131n ar\u0131t\u0131lmas\u0131n\u0131, enerji ve do\u011fal kaynaklar\u0131n verimli kullan\u0131lmas\u0131n\u0131 ve geri d\u00f6n\u00fc\u015f\u00fcm\u00fcn desteklenmesini esas al\u0131r\u0131z.<\/p>\n<p>S\u00fcrd\u00fcr\u00fclebilir kaynaklar\u0131n kullan\u0131m\u0131n\u0131 tercih eder; iklim de\u011fi\u015fikliklerinin azalt\u0131lmas\u0131n\u0131, ekosistemin ve biyo\u00e7e\u015fitlili\u011fin korunmas\u0131n\u0131 sa\u011flar\u0131z.<\/p>\n<p>\u00c7al\u0131\u015fanlar\u0131m\u0131z\u0131 \u00e7evrenin korunmas\u0131 ve iklim de\u011fi\u015fikli\u011fi konusunda bilin\u00e7lendirmek amac\u0131yla e\u011fitim faaliyetleri d\u00fczenler, kom\u015fu kurulu\u015flar\u0131 \u00e7evre konusunda te\u015fvik etmek i\u00e7in gayret sarf ederiz.<\/p>\n<p>\u00c7evre Y\u00f6netim Sistemini periyodik olarak belirlenen hedefler ve g\u00f6zden ge\u00e7irmelerle, s\u00fcrekli iyile\u015ftirir ve bu sayede \u00e7evre kirlili\u011fini \u00f6nlemeyi taahh\u00fct ederiz.<\/p>\n<p>Revizyon No:08<\/p>\n<p>Haz\u0131rland\u0131\u011f\u0131 Tarih: 01.03.2024<\/p>\n<p>\u00d6zcan AKSOY<\/p>\n<p>\u0130\u015fletme Direkt\u00f6r\u00fc<\/p>\n<\/div><\/section>\n<\/div><\/div><\/main><!-- close content main element --><\/div><\/div><div id='after_section_1'  class='main_color av_default_container_wrap container_wrap fullsize'  ><div class='container av-section-cont-open' ><div class='template-page content  av-content-full alpha units'><div class='post-entry post-entry-type-page post-entry-3955'><div class='entry-content-wrapper clearfix'><div class='flex_column av-l64zyd3i-ecdb48a887328ed3986e8eb0839b4ef7 av_one_full  avia-builder-el-3  el_after_av_section  avia-builder-el-no-sibling  first flex_column_div '     ><\/div><\/p>\n","protected":false},"excerpt":{"rendered":"","protected":false},"author":1,"featured_media":0,"parent":0,"menu_order":0,"comment_status":"closed","ping_status":"closed","template":"","meta":{"footnotes":""},"class_list":["post-3955","page","type-page","status-publish","hentry"],"_links":{"self":[{"href":"https:\/\/www.kopas.com\/index.php\/wp-json\/wp\/v2\/pages\/3955","targetHints":{"allow":["GET"]}}],"collection":[{"href":"https:\/\/www.kopas.com\/index.php\/wp-json\/wp\/v2\/pages"}],"about":[{"href":"https:\/\/www.kopas.com\/index.php\/wp-json\/wp\/v2\/types\/page"}],"author":[{"embeddable":true,"href":"https:\/\/www.kopas.com\/index.php\/wp-json\/wp\/v2\/users\/1"}],"replies":[{"embeddable":true,"href":"https:\/\/www.kopas.com\/index.php\/wp-json\/wp\/v2\/comments?post=3955"}],"version-history":[{"count":3,"href":"https:\/\/www.kopas.com\/index.php\/wp-json\/wp\/v2\/pages\/3955\/revisions"}],"predecessor-version":[{"id":3959,"href":"https:\/\/www.kopas.com\/index.php\/wp-json\/wp\/v2\/pages\/3955\/revisions\/3959"}],"wp:attachment":[{"href":"https:\/\/www.kopas.com\/index.php\/wp-json\/wp\/v2\/media?parent=3955"}],"curies":[{"name":"wp","href":"https:\/\/api.w.org\/{rel}","templated":true}]}}