{"id":3968,"date":"2025-09-25T14:49:55","date_gmt":"2025-09-25T11:49:55","guid":{"rendered":"https:\/\/www.kopas.com\/?page_id=3968"},"modified":"2025-09-25T14:51:13","modified_gmt":"2025-09-25T11:51:13","slug":"sosyal-politika-2025","status":"publish","type":"page","link":"https:\/\/www.kopas.com\/index.php\/sosyal-politika-2025\/","title":{"rendered":"SOSYAL POL\u0130T\u0130KA 2025"},"content":{"rendered":"<div id='av_section_1'  class='avia-section av-l65002my-3672219d82b97022fe9a7ed71cb6a2be main_color avia-section-default avia-no-border-styling  avia-builder-el-0  el_before_av_one_full  avia-builder-el-first  avia-bg-style-scroll container_wrap fullsize'  ><div class='container av-section-cont-open' ><main  role=\"main\" itemprop=\"mainContentOfPage\"  class='template-page content  av-content-full alpha units'><div class='post-entry post-entry-type-page post-entry-3968'><div class='entry-content-wrapper clearfix'>\n\n<style type=\"text\/css\" data-created_by=\"avia_inline_auto\" id=\"style-css-av-l64zxuhb-d9ccf925077bd7277fbfeffb48e80180\">\n#top .av-special-heading.av-l64zxuhb-d9ccf925077bd7277fbfeffb48e80180{\npadding-bottom:10px;\n}\nbody .av-special-heading.av-l64zxuhb-d9ccf925077bd7277fbfeffb48e80180 .av-special-heading-tag .heading-char{\nfont-size:25px;\n}\n.av-special-heading.av-l64zxuhb-d9ccf925077bd7277fbfeffb48e80180 .av-subheading{\nfont-size:15px;\n}\n<\/style>\n<div  class='av-special-heading av-l64zxuhb-d9ccf925077bd7277fbfeffb48e80180 av-special-heading-h3  avia-builder-el-1  el_before_av_textblock  avia-builder-el-first '><h3 class='av-special-heading-tag'  itemprop=\"headline\"  >SOSYAL POL\u0130T\u0130KA<\/h3><div class=\"special-heading-border\"><div class=\"special-heading-inner-border\"><\/div><\/div><\/div>\n<section  class='av_textblock_section av-l64w6cm0-c7014346c58e3b4886fec6ff5f0a3e50'  itemscope=\"itemscope\" itemtype=\"https:\/\/schema.org\/CreativeWork\" ><div class='avia_textblock'  itemprop=\"text\" ><p>\u0130\u015fletmemizde, 15 ya\u015f\u0131n\u0131 doldurmam\u0131\u015f \u00e7ocuklar, geli\u015fimlerine, e\u011fitimlerine ve sa\u011fl\u0131klar\u0131na engel olmama ad\u0131na hi\u00e7bir g\u00f6rev alan\u0131nda \u00e7al\u0131\u015ft\u0131r\u0131lamaz.<\/p>\n<p>\u0130\u015fe al\u0131mlarda, 18 ya\u015f\u0131n\u0131 doldurma ko\u015fulu aran\u0131r. Stajyer \u00f6\u011frencilerde 16 ya\u015f\u0131n\u0131 doldurma ko\u015fulu aran\u0131r.<\/p>\n<p>\u0130\u015fletmemizde, i\u015fe al\u0131mlarda; renk, \u0131rk, din, cinsiyet gibi ayr\u0131mc\u0131l\u0131k yapmaz.<\/p>\n<p>Hi\u00e7bir \u00e7al\u0131\u015fan cinsiyete dayal\u0131 \u015fiddet veya tacize maruz b\u0131rak\u0131lamaz; bu t\u00fcr davran\u0131\u015flara kar\u015f\u0131 s\u0131f\u0131r tolerans politikas\u0131 uygulan\u0131r. Cinsiyete dayal\u0131 \u015fiddet ve taciz, i\u015fyerinde disiplin su\u00e7u say\u0131l\u0131r ve derhal yapt\u0131r\u0131ma tabidir.<\/p>\n<p>\u0130\u015fletmemizde, i\u015fe ba\u015flayan herkese, \u00e7al\u0131\u015fanlar\u0131n yasal haklar\u0131 ile ilgili bilgi verilir. \u0130\u015fletmemizde, i\u015fe ba\u015flayan herkese, \u00fccret hak edi\u015fleri ve \u00f6deme sistemi ile ilgili bilgi vermek i\u00e7in e\u011fitim d\u00fczenlenir.<\/p>\n<p>\u0130\u015fletmemizde, \u00e7al\u0131\u015fanlara y\u00f6nelik sert, insanl\u0131k d\u0131\u015f\u0131, onur k\u0131r\u0131c\u0131 veya a\u015fa\u011f\u0131lay\u0131c\u0131 muamele kesinlikle yasakt\u0131r. Sert, insanl\u0131k d\u0131\u015f\u0131 veya onur k\u0131r\u0131c\u0131 muamelede bulunan \u00e7al\u0131\u015fanlar hakk\u0131nda kademeli disiplin s\u00fcreci i\u015fletilir ve fiilin a\u011f\u0131rl\u0131\u011f\u0131na g\u00f6re, i\u015f akdinin feshi dahil olmak \u00fczere yapt\u0131r\u0131mlar uygulan\u0131r.<\/p>\n<p>\u0130\u015fletmemiz, \u00e7al\u0131\u015fanlardan bireysel \u00f6nerileri, bildirimleri, \u015fikayetleri alabilmek i\u00e7in \u00e7al\u0131\u015fanlardan gelen her t\u00fcrl\u00fc de\u011ferlendirmeyi dikkate al\u0131r ve \u00f6l\u00e7er.<\/p>\n<p>\u0130\u015fletmemizde \u00e7al\u0131\u015fanlar, \u00e7al\u0131\u015fma ko\u015fullar\u0131 ve saatleri ile ilgili bilgilendirilir.<\/p>\n<p>\u0130\u015fletmemiz \u00e7al\u0131\u015fanlardan, bireysel \u00f6nerileri, bildirimleri, \u015fikayetleri, \u00f6neri sistemi ya da anketler vas\u0131tas\u0131yla al\u0131r, de\u011ferlendirir. Sonu\u00e7lar\u0131 hakk\u0131nda \u00e7al\u0131\u015fanlara geri bildirimde bulunur.<\/p>\n<p>\u0130\u015fletmemiz, \u00e7al\u0131\u015fanlar ve y\u00f6netim aras\u0131nda, a\u00e7\u0131k bir ileti\u015fim kurmak ve bu yolla aktar\u0131lan dilek ve \u015fikayetleri de\u011ferlendirmeye almak amac\u0131 ile \u00f6neri\/\u015fikayet de\u011ferlendirme sistemini kullan\u0131r.<\/p>\n<p>Revizyon No: 03<\/p>\n<p>Haz\u0131rland\u0131\u011f\u0131 Tarih: 17.09.2025<\/p>\n<p>\u00d6zcan AKSOY<\/p>\n<p>\u0130\u015fletme Direkt\u00f6r Yard. (Y\u00f6netim Temsilcisi)<\/p>\n<\/div><\/section>\n<\/div><\/div><\/main><!-- close content main element --><\/div><\/div><div id='after_section_1'  class='main_color av_default_container_wrap container_wrap fullsize'  ><div class='container av-section-cont-open' ><div class='template-page content  av-content-full alpha units'><div class='post-entry post-entry-type-page post-entry-3968'><div class='entry-content-wrapper clearfix'><div class='flex_column av-l64zyd3i-ecdb48a887328ed3986e8eb0839b4ef7 av_one_full  avia-builder-el-3  el_after_av_section  avia-builder-el-no-sibling  first flex_column_div '     ><\/div><\/p>\n","protected":false},"excerpt":{"rendered":"","protected":false},"author":1,"featured_media":0,"parent":0,"menu_order":0,"comment_status":"closed","ping_status":"closed","template":"","meta":{"footnotes":""},"class_list":["post-3968","page","type-page","status-publish","hentry"],"_links":{"self":[{"href":"https:\/\/www.kopas.com\/index.php\/wp-json\/wp\/v2\/pages\/3968","targetHints":{"allow":["GET"]}}],"collection":[{"href":"https:\/\/www.kopas.com\/index.php\/wp-json\/wp\/v2\/pages"}],"about":[{"href":"https:\/\/www.kopas.com\/index.php\/wp-json\/wp\/v2\/types\/page"}],"author":[{"embeddable":true,"href":"https:\/\/www.kopas.com\/index.php\/wp-json\/wp\/v2\/users\/1"}],"replies":[{"embeddable":true,"href":"https:\/\/www.kopas.com\/index.php\/wp-json\/wp\/v2\/comments?post=3968"}],"version-history":[{"count":2,"href":"https:\/\/www.kopas.com\/index.php\/wp-json\/wp\/v2\/pages\/3968\/revisions"}],"predecessor-version":[{"id":3970,"href":"https:\/\/www.kopas.com\/index.php\/wp-json\/wp\/v2\/pages\/3968\/revisions\/3970"}],"wp:attachment":[{"href":"https:\/\/www.kopas.com\/index.php\/wp-json\/wp\/v2\/media?parent=3968"}],"curies":[{"name":"wp","href":"https:\/\/api.w.org\/{rel}","templated":true}]}}